{"id":344,"date":"2020-10-22T10:34:37","date_gmt":"2020-10-22T10:34:37","guid":{"rendered":"https:\/\/site.dominiquepeysson.net\/?page_id=344"},"modified":"2020-12-15T10:27:27","modified_gmt":"2020-12-15T10:27:27","slug":"%e5%87%ba%e7%89%88%e7%89%a9","status":"publish","type":"page","link":"https:\/\/dominiquepeysson.net\/zh\/%e5%87%ba%e7%89%88%e7%89%a9\/","title":{"rendered":"\u51fa\u7248\u7269"},"content":{"rendered":"<p>\u53c2\u89c1\u4ee5\u4e0b\u51fa\u7248\u7269 <a href=\"https:\/\/univ-mlv.academia.edu\/DominiquePeysson\">Academia.edu<\/a><\/p>\n\t<p>\u5373\u5c06\u63a8\u51fa\uff082020 \u5e74 10 \u6708\uff09\u3002\u5728\u00ab\u8bbe\u8ba1\u3001\u9020\u578b\u3001\u5f62\u5f0f\u00bb\u6587\u96c6\u300a\u751f\u547d\u6750\u6599\u4e2d\u7684\u4fe1\u606f\u4e0e\u5f62\u6210\u300b\u4e2d\uff0c\u5e15\u7279\u91cc\u590f\u00b7\u91cc\u535a\uff0c\u5353\u8d8a\u96c6\u7fa4\u201c\u6d3b\u52a8\u4e8b\u9879\u201d\u3002\u56fe\u50cf\u7a7a\u95f4\u6750\u6599\u3002.<\/p>\n<p>2018\u5e746\u6708\u3002\u300a\u79d1\u5b66\u4e0e\u827a\u672f\uff1a\u79d1\u5b66\u4e3b\u4e49\u7684\u501f\u53e3\u8fd8\u662f\u4eba\u6587\u5b66\u79d1\u7684\u53d1\u5c55\u4e4b\u8def\uff1f\u300b\uff0c\u8f7d\u4e8e\u300a\u4eba\u6587\u5b66\u79d1\u7684\u672a\u6765\u4f55\u5728\uff1f\u300b\uff0cArchicube\uff0c\u7b2c24\u671f\uff0cENS\u51fa\u7248\u793e\uff08\u5df4\u9ece\uff09\uff0c\u7b2c98-101\u9875\u3002<\/p>\n<p>2017 \u5e74 12 \u6708\u3002\u7b2c\u4e00\u5370\u8c61\uff0c\u6211\u7684\u4e2a\u4eba\u5c55\u89c8\u56fe\u5f55\uff0c\u8be5\u5c55\u89c8\u7531\u4e94\u4ef6\u4f5c\u54c1\u7ec4\u6210\uff0c\u4e8e 2017 \u5e74 1 \u6708\u81f3 2 \u6708\u5728\u6cd5\u56fd\u7279\u6717\u5e03\u83b1\u7684\u8ba9-\u7f57\u6770\u00b7\u8003\u897f\u8499\u7a7a\u95f4\u5c55\u51fa\u3002.<\/p>\n<p>2017 \u5e74 1 \u6708\uff0c\u54cd\u5e94\u5f0f\u56fe\u50cf\u548c\u4eb2\u6c34\u6027\uff0c\u8f7d\u4e8e\u00ab\u4ea4\u4e92\u5f0f\u56fe\u50cf\uff1a\u827a\u672f\u3001\u79d1\u5b66\u548c\u89c6\u89c9\u6587\u5316\u00bb\uff0cJean-Paul Fourmentraux \u7f16\u8f91\uff0cLa Lettre Vol\u00e9e Ed.\uff0c\u5e03\u9c81\u585e\u5c14\u3002.<\/p>\n<p>2016 \u5e74 6 \u6708\u3002Versal Unfolding\uff0c\u300a\u7279\u5b9a\u6298\u53e0\u5982\u4f55\u5c06\u8936\u76b1\u548c\u6495\u88c2\u8f6c\u5316\u4e3a\u6a2a\u5411\u6982\u5ff5\u300b\uff0cEmmanuel Ferrand\u3001Dominique Peysson\uff0c\u8f7d\u4e8e Michael Friedman \u5bfc\u6f14\u7684\u300a\u8bba\u6298\u53e0\u300b\uff0cTranscript Ed.\uff0c\u6bd4\u52d2\u8d39\u5c14\u5fb7\u3002.<\/p>\n2016 \u5e74 4 \u6708\u3002\u300a\u56fe\u50cf\u7269\u8d28\uff1a\u65b0\u5174\u6750\u6599\u4e0e\u60f3\u8c61\u7684\u53d8\u5f62\u300b\u3002\u591a\u7c73\u5c3c\u514b\u00b7\u4f69\u677e\u8457\u3002Dis Voir Ed.\uff08\u5df4\u9ece\uff09\u3002.<br \/>\n\u968f\u540e\u662f\u300a\u56fe\u50cf\u7269\u8d28\uff1a\u65b0\u5174\u6750\u6599\u4e0e\u60f3\u8c61\u7684\u53d8\u5f62\u300b\uff0cVanessa Place \u82f1\u8bd1\u672c\uff0cDis Voir Ed.\uff08\u5df4\u9ece\uff09\u3002.\n<p>2015 \u5e74 12 \u6708\uff0c\u300a\u5f53\u4ee3\u827a\u672f\u5bf9\u65b0\u5174\u6750\u6599\u7684\u68c0\u9a8c\u300b\uff0c\u8f7d\u4e8e\u300a\u79d1\u5b66\u4e0e\u6280\u672f\uff1a\u4e00\u79cd\u5171\u4eab\u7684\u6587\u5316\u300b\uff0c\u6587\u5316\u4e0e\u7814\u7a76\u7b2c 132 \u671f\uff0c100 \u9875\uff0c\u6587\u5316\u90e8\u7814\u7a76\u671f\u520a\u3002.<\/p>\n<p>2013 \u5e74\uff0c\u4e0e Olga Kisseleva \u5171\u540c\u6307\u5bfc [plastik ]-\u827a\u672f\u4e0e\u79d1\u5b66 #03 \u53f7\u7eb3\u7c73\u3002.<\/p>\n<p>2013 \u5e74 8 \u6708\u3002Peysson Dominique\uff0c\u00ab\u7eb3\u7c73\u4e16\u754c\uff1a\u4e00\u4e2a\u65b0\u7684\u00ab\u5f02\u6258\u90a6\u00bb\uff1f\u00bb\uff0c\u53d1\u8868\u4e8e\u5728\u7ebf\u671f\u520a [plastik] Nano\uff0c\u7b2c 3 \u671f\u3002.<\/p>\n<p>2012 \u5e74 5 \u6708\u3002\u5728\u201c\u6280\u672f\u4e0e\u521b\u9020\u201d\u4e2d\uff0c\u5c06\u601d\u60f3\u5177\u4f53\u5316\u4e8e\u53ef\u7406\u89e3\u7684\u95e8\u69db\u3002\u56fe\u5362\u5179\u00b7\u4f0a\u4e07\uff0c\u4e39\u5c3c\u5c14\u00b7\u8fbe\u5185\u8482\u65af\uff08\u7f16\uff09\uff0c\u5df4\u9ece\uff1aL&#039;Harmattan\uff0c2012 \u5e74\uff0c\u00abEureka et cie\u00bb\u5408\u96c6\u3002.<\/p>\n<p>2008 \u5e74\uff0c\u300a\u53d1\u660e\u81ea\u5df1\u7684\u9053\u8def\u300b\u662f\u4e00\u5e45\u5c0f\u578b\u542f\u53d1\u5f0f\u58c1\u753b\uff0c\u6536\u5f55\u4e8e\u300a\u5c24\u91cc\u5361\uff0c\u53d1\u660e\u7684\u65f6\u523b\u300b\uff0c\u56fe\u5362\u5179\u00b7\u4f0a\u4e07\uff0c\u4e39\u5c3c\u5c14\u00b7\u8fbe\u5185\u8482\u65af\uff08\u5bfc\u6f14\uff09\uff0cArts 8\uff0c\u5df4\u9ece\uff1aL&#039;Harmattan\uff0c2008 \u5e74\uff0c\u00ab\u5c24\u91cc\u5361\u53ca\u5176\u4f19\u4f34\u00bb\u5408\u96c6\u3002.<\/p>\n<p>1999-2009\u5e74\u3002\u5728\u513f\u7ae5\u6587\u5b66\u9886\u57df\u53d1\u8868\u4e86\u5927\u91cf\u4f5c\u54c1\uff08\u6587\u5b57\u548c\u56fe\u7247\uff09\uff1a11\u672c\u513f\u7ae5\u4e66\u7c4d\u3001\u6742\u5fd7\u63d2\u56fe\u3001\u4e66\u7c4d\u5c01\u9762\u7b49\u2026\u2026<\/p>\n<p>1991-1995. Publications scientifiques\u00a0: un chapitre de livre, huit publications dans des revues \u00e0 comit\u00e9\u00a0de lecture (comme \u00ab\u00a0Die Makromol. Chem.\u201d, \u201cNonlinear Optics\u201d, \u201cMacromol. Chem. Phys.\u00a0\u00bb, \u00ab\u00a0Liquid Crystals\u00a0\u00bb, &#8230;), dix-huit communications (congr\u00e8s, colloques&#8230;).<\/p>\n\t<h2>\u827a\u672f\u4e2d\u7684\u4ecb\u5165\u4e0e\u4ea4\u6d41<\/h2>\n<p>\u5373\u5c06\u63a8\u51fa\uff08\u56e0\u51a0\u72b6\u75c5\u6bd2\u800c\u63a8\u8fdf\uff09\uff1a\u5f53\u4ee3\u827a\u672f\u5bf9\u65b0\u5174\u6750\u6599\u7684\u68c0\u9a8c\uff0c\u00ab\u5316\u5b66\u4e0e\u827a\u672f\u00bb\uff0c\u5316\u5b66\u65e5\uff0cX\uff0cENS\uff0cESPCI\u3002.<\/p>\n<p>\u00c0 venir &#8211; report\u00e9 pour cause du coronavirus. Pr\u00e9sentation de mes \u0153uvres sur l\u2019ADN pour \u00ab\u00a0Le 21\u00e8me si\u00e8cle, le si\u00e8cle de l\u2019ADN? \u00bb, campus num\u00e9rique de Ionis Education group, Sup\u2019Biotech.<\/p>\n<p>2020 \u5e74 3 \u6708 2 \u65e5\u3002\u7269\u8d28\u5373\u5f62\u5f0f\uff0cL&#039;ahah \u753b\u5eca\uff0c\u4e3a\u914d\u5408\u5f20\u5189\u7684\u5c55\u89c8\u201c\u7279\u5f81\u7684\u89e3\u51b3\u201d\uff0c2020 \u5e74 3 \u6708 25 \u65e5\u81f3 27 \u65e5\uff0c\u5c55\u89c8\u7a7a\u95f4 #Griset\uff0c4 cite Griset\uff0c\u5df4\u9ece\u3002.<\/p>\n<p>2020 \u5e74 2 \u6708 18 \u65e5\u3002\u745e\u58eb\u4f2f\u5c14\u5c3c\uff0c2020 \u5e74 SNSF \u79d1\u5b66\u56fe\u50cf\u7ade\u8d5b (SSIC) \u8bc4\u5ba1\u56e2\u3002.<\/p>\n<p>2019\u5e7411\u670827\u65e5\u81f330\u65e5\u3002\u503c\u5f97\u601d\u8003\u7684\u4e8b\u7269\u3002\u5f53\u6211\u4eec\u89e6\u6478\u7684\u4e8b\u7269\u80fd\u591f\u6df1\u6df1\u89e6\u52a8\u6211\u4eec\u65f6\uff0c\u56fd\u9645\u827a\u672f\u4e0e\u79d1\u5b66\u4f1a\u8bae\uff0c\u9a6c\u514b\u00b7\u590f\u52a0\u5c14\u56fd\u5bb6\u535a\u7269\u9986\uff0c\u851a\u84dd\u6d77\u5cb8\u5927\u5b66\uff0c\u5c3c\u65af\u3002.<\/p>\n<p>2019 \u5e74 11 \u6708\u81f3 12 \u6708\u3002LVMH \u7814\u7a76\u9662\u7684 SMART \u6750\u6599\u521b\u65b0\u7814\u8ba8\u4f1a\u3002.<\/p>\n<p>2019 \u5e74 9 \u6708 24 \u65e5\u81f3 25 \u65e5\u3002\u4eff\u751f\u5b66\u4e0e\u751f\u7269\u6a21\u62df\uff0c\u4e0e Emmanuel Ferrand \u5171\u540c\u53d1\u8868\uff0c\u5728\u9a6c\u8d5b\u6b27\u6d32\u53ca\u5730\u4e2d\u6d77\u6587\u660e\u535a\u7269\u9986\u4e3e\u529e\u7684\u00ab\u751f\u7269\u6a21\u62df\uff08\u4eec\uff09. \u6a21\u4eff\u751f\u7269\u548c\u751f\u547d\u5efa\u6a21\u00bb\u6280\u672f\u4e0e\u6587\u5316\u4f1a\u8bae\u4e0a\u3002.<\/p>\n<p>2019 \u5e74 6 \u6708 13 \u65e5\u3002\u00ab\u6c34\u6ef4\u4f5c\u4e3a\u4fe1\u606f\u5355\u5143\u00bb\uff0c\u56fd\u9645\u7814\u8ba8\u4f1a\u201c\u82b1\u56ed\u5929\u7a7a\u4e4b\u6c34\u201d\uff0c\u5df4\u9ece\u56fd\u9645\u827a\u672f\u57ce\u3002.<\/p>\n<p>2019\u5e746\u670811\u65e5\u81f321\u65e5\uff0cLVMH Research\u4e3e\u529e\u4e86\u00ab\u827a\u672f\u4e0e\u79d1\u5b66\u00bb\u521b\u610f\u5de5\u4f5c\u574a\uff0c\u8be5\u5de5\u4f5c\u574a\u7531LVMH Research\u603b\u88c1Bruno Bavouzet\u59d4\u6258\u4e3e\u529e\u3002\u8fd9\u662f\u4e00\u6b21\u5168\u65b0\u7684\u4f53\u9a8c\uff0c\u4e5f\u662fLVMH\u5185\u90e8\u5c06\u7814\u7a76\u4e0e\u5f53\u4ee3\u827a\u672f\u66f4\u7d27\u5bc6\u7ed3\u5408\u7684\u9996\u4e2a\u91cc\u7a0b\u7891\u3002.<\/p>\n<p>2018 \u5e74 12 \u6708 12 \u65e5\u3002\u5728\u5df4\u9ece Grand Action \u7535\u5f71\u9662\uff0c\u7531 Roland Lehoucq\u3001Perig Pitrou \u548c Jean-S\u00e9bastien Steyer \u7ec4\u7ec7\u7684\u00ab\u5916\u661f\u5b58\u5728\u00bb\u7cfb\u5217\u6d3b\u52a8\u201c\u592a\u7a7a\u4e2d\u7684\u4eba\u7c7b\u751f\u6d3b\u201d\u4e2d\uff0cR. Scott \u6267\u5bfc\u7684\u7535\u5f71\u300a\u706b\u661f\u6551\u63f4\u300b\u8fdb\u884c\u4e86\u4ecb\u7ecd\u3002.<\/p>\n<p>2018 \u5e74 10 \u6708 12 \u65e5\u3002\u4e3b\u9898\u6f14\u8bb2\uff0c\u201c\u827a\u672f\u4e0e\u7269\u8d28\uff1a\u751f\u547d\u4e4b\u4e8b\u201d\uff0c\u5de5\u7a0b\u79d1\u5b66\u5b66\u4f1a\u7b2c 55 \u5c4a\u5e74\u4f1a\uff0c\u897f\u73ed\u7259\u9a6c\u5fb7\u91cc\uff08\u5609\u5bbe\uff09\u3002.<\/p>\n<p>2018 \u5e74 8 \u6708 29 \u65e5\u3002\u4e3b\u9898\u6f14\u8bb2\uff0c\u201c\u751f\u547d\u6750\u6599\u4e2d\u7684\u4fe1\u606f\u4e0e\u4fe1\u606f\u201d\uff0c\u7d22\u5c14\u7ef4\u7814\u8ba8\u4f1a\uff0c\u6bd4\u5229\u65f6\u5e03\u9c81\u585e\u5c14\uff08\u53d7\u9080\uff09\u3002.<\/p>\n<p>2018 \u5e74 6 \u6708 27 \u65e5\u3002\u6709\u673a\u673a\u5668\uff0c\u201c\u4eba\u5de5\u611f\u77e5\u201d\u5b66\u4e60\u65e5\uff0c\u5df4\u9ece\u5317\u4eba\u7c7b\u79d1\u5b66\u9986\u3002.<\/p>\n<p>2018 \u5e74 2 \u6708 15-16 \u65e5\u3002\u5728\u00ab\u8bbe\u8ba1\u3001\u9020\u578b\u3001\u5f62\u5f0f\u00bb\u7814\u8ba8\u4f1a\u4e0a\uff0c\u4e3a\u5fb7\u56fd\u67cf\u6797\u6d2a\u5821\u5927\u5b66\u548c\u6ce2\u8328\u5766\u9a6c\u514b\u65af\u00b7\u666e\u6717\u514b\u7814\u7a76\u6240\u4e3e\u529e\u7684\u201c\u751f\u547d\u6750\u6599\u4e2d\u7684\u4fe1\u606f\u548c\u4fe1\u606f\u201d\u7814\u8ba8\u4f1a\u4f5c\u62a5\u544a\uff08\u53d7\u9080\uff09\u3002.<\/p>\n<p>2017 \u5e74 10 \u6708 12 \u65e5\u3002\u8fc8\u5411\u6709\u673a\u673a\u5668\u7684\u5f81\u7a0b\uff0c\u53c2\u52a0\u00ab\u673a\u5668\u7684\u672a\u6765\uff1a\u4ecb\u4e8e\u79d1\u5b66\u4e0e\u865a\u6784\u4e4b\u95f4\uff1f\u00bb\u4f1a\u8bae\uff0cAcc\u00e8)s( \u8282\uff0c\u6ce2\u57ce\u3002.<\/p>\n<p>2017 \u5e74 10 \u6708 16 \u65e5\u81f3 17 \u65e5\u3002\u201c\u751f\u547d\u7269\u8d28\u201d\uff0c\u4e3a\u5df4\u9ece\u72e9\u730e\u535a\u7269\u9986\u4e3e\u529e\u7684\u201c\u5de5\u4f5c\u4e2d\u7684\u751f\u6d3b\uff1a\u65b0\u751f\u6001\u3001\u751f\u7269\u827a\u672f\u3001\u751f\u7269\u8bbe\u8ba1\u201d\u7814\u8ba8\u4f1a\u800c\u4e3e\u529e\u3002.<\/p>\n<p>2017 \u5e74 6 \u6708 21 \u65e5\u3002\u300a\u751f\u6d3b\u300b\u3002\u4fe1\u606f\u7684\u5f62\u5f0f\uff0c\u4e3a\u00ab\u56f4\u7ed5\u751f\u6d3b\u7684\u8de8\u5b66\u79d1\u63a2\u7d22\u3002PSL \u7684\u79d1\u5b66\u4e0e\u827a\u672f\u00bb\u7814\u8ba8\u4f1a\u800c\u4f5c\uff0cESPCI\uff0c\u5df4\u9ece\u3002.<\/p>\n<p>2017 \u5e74 6 \u6708 1 \u65e5\u3002\u5f00\u5e55\u5f0f\u548c\u4ea4\u6d41\uff1a\u54cd\u5e94\u6027\u6db2\u4f53\u7269\u8d28\uff0c\u5728\u5df4\u9ece\u84ec\u76ae\u675c\u4e2d\u5fc3\u4e3e\u884c\u7684\u00ab\u54cd\u5e94\u6027\u7269\u8d28\u00bb\u7814\u8ba8\u4f1a\u4e0a\u3002.<\/p>\n<p>2017 \u5e74 4 \u6708 30 \u65e5\u3002\u6e34\u671b\u7269\u8d28\uff0c\u4ece\u673a\u5668\u5230\u751f\u547d\u7269\u8d28\uff0c\u7528\u4e8e\u4f1a\u8bae\uff1a\u00ab\u4e4c\u6258\u90a6\u673a\u5668\u00bb\uff0c\u5728\u5df4\u9ece\u76d6\u7279\u00b7\u5229\u91cc\u514b\u5267\u9662\u4e3e\u884c\u3002.<\/p>\n<p>2016\u5e7411\u670810\u65e5\u3002\u65b0\u76ae\u80a4\u3002\u6211\u4eec\u4e0e\u670d\u88c5\u4e4b\u95f4\u7684\u4e00\u79cd\u667a\u80fd\u5173\u7cfb\uff0c\u7814\u7a76\u7814\u8ba8\u4f1a\u00ab\u65f6\u5c1a\u4e16\u754c\u7684\u4eba\u7c7b\u5b66\u3002\u624b\u4e0e\u673a\u5668\u7684\u5173\u7cfb\u3002\u624b\u8fd8\u5269\u4e0b\u4ec0\u4e48\uff1f\u00bb\uff0c\u5df4\u9ece\u9ad8\u7b49\u793e\u4f1a\u79d1\u5b66\u7814\u7a76\u9662\u3002.<\/p>\n<p>2016 \u5e74 6 \u6708 9 \u65e5\u3002\u6570\u636e\u7269\u8d28\u548c\u53ef\u7f16\u7a0b\u7269\u8d28\uff1a\u56f4\u7ed5 Mathieu Briand \u7684\u300aMemories Memories\u300b\u4e00\u4e66\u7ec4\u7ec7\u7684\u5706\u684c\u4f1a\u8bae\uff0c\u5730\u70b9\uff1a\u5df4\u9ece\u76ae\u57c3\u5c14\u00b7\u5409\u5c14\u00b7\u5fb7\u00b7\u70ed\u7eb3\u7a7a\u95f4\u3002.<\/p>\n<p>2016 \u5e74 5 \u6708 26 \u65e5\u3002\u300aL&#039;Image-Mati\u00e8re\u300b\u4e00\u4e66\u5728\u5df4\u9ece\u53d1\u5e03\u3002\u4e0e Manuela de Barros \u548c Dominique Lestel \u7684\u5706\u684c\u4f1a\u8bae\uff0c\u5730\u70b9\uff1a\u5df4\u9ece La Paillasse\u3002.<\/p>\n<p>2016\u5e745\u670818\u65e5\uff0c\u300aL&#039;Image-Mati\u00e8re\u300b\u4e00\u4e66\u5728\u666e\u74e6\u6377\u53d1\u5e03\u3002\u4e0ePerig Pitrou\u548cThierry Ferreira\uff08\u666e\u74e6\u6377Le Lieu Multiple\uff09\u4e3e\u884c\u5706\u684c\u4f1a\u8bae\u3002.<\/p>\n<p>2016\u5e744\u67082\u65e5\uff0c\u8389\u5a05\u00b7\u5409\u7f57\u5728\u5df4\u9ece\u9ad8\u7b49\u5e08\u8303\u5b66\u9662\u5e7f\u64ad\u7535\u53f0\u7684\u201cTrENSmission\u201d\u8282\u76ee\u4e2d\u63a5\u53d7\u4e86\u91c7\u8bbf\uff0c\u8c08\u53ca\u6211\u4eec\u7684\u827a\u672f\u4e0e\u79d1\u5b66\u8282\u76ee\u3002<\/p>\n<p>2016\u5e743\u670823\u65e5\u3002\u201c\u96d5\u523b\u6750\u6599\u7279\u6027\uff1a\u5f53\u4ee3\u827a\u672f\u4e2d\u7684\u65b0\u5174\u6750\u6599\u201d\u3002\u4e3a2016\u5e743\u670823\u65e5\u81f325\u65e5\u5728\u9a6c\u8d5bIM\u00e9RA\u4e3e\u529e\u7684\u201c\u4e8c\u7ef4\u5c42\u53e0\u6750\u6599\u4e0e\u827a\u672f\uff1a\u4e24\u4e2a\u4e16\u754c\u7684\u76f8\u9047\u201d\u56fd\u9645\u7814\u8ba8\u4f1a\u800c\u4f5c\u3002\u7f51\u7edc\u76f4\u64ad\u3002.<\/p>\n<p>2016 \u5e74 2 \u6708 13 \u65e5\u3002\u9879\u76ee\u89c4\u5212\u4e8b\u5b9c\u3002\u6f14\u8bb2\u8fa9\u8bba\uff0c\u8ba9-\u7f57\u6770\u00b7\u8003\u897f\u8499\u4e2d\u5fc3\uff0c\u6cd5\u56fd\u7279\u6717\u5e03\u83b1\uff0c\u4f5c\u4e3a\u5176\u827a\u672f\u9a7b\u7559\u8ba1\u5212\u7684\u4e00\u90e8\u5206\uff0c\u4e0e\u666e\u74e6\u6377 Lieu multiple \u5408\u4f5c\u4e3e\u529e\u3002.<\/p>\n<p>4 mai 2015. Le courage du chercheur-explorateur. Petite chronique illustr\u00e9e d\u2019une recherche par s\u00e9rendipit\u00e9, Interf\u00e9rences_VIDA, coupl\u00e9es avec un atelier d&#8217;Histoire et de Philosophie des Sciences, Universit\u00e9 Pierre et Marie Curie (UPMC), Paris.<\/p>\n<p>2015\u5e743\u670826\u65e5\u3002\u201c\u7a7f\u8fc7\u8936\u76b1\uff1a\u54f2\u5b66\u3001\u5f53\u4ee3\u827a\u672f\u548c\u5e94\u7528\u827a\u672f\u7684\u4ea4\u53c9\u8936\u76b1\u201d\uff0c\u4f1a\u8bae\u4e3b\u9898\u4e3a\u201c\u8584\u677f\u7ed3\u6784\u7684\u6298\u53e0\u4e0e\u8936\u76b1\u201d\uff0cGDR MePhy\uff0c\u590d\u6742\u7cfb\u7edf\u7684\u529b\u5b66\u548c\u7269\u7406\u5b66\u3002ESPCI\uff0c\u5df4\u9ece\u7b2c\u4e94\u5927\u5b66\u3002.<\/p>\n<p>2014 \u5e74 11 \u6708 13 \u65e5\u3002\u7269\u8d28\u5728\u4e24\u4e2a\u65f6\u95f4\uff1a\u52a8\u6001\u5e73\u8861\uff0c\u7814\u7a76\u4e0e\u521b\u9020\u7684\u4f1a\u9762\uff0c\u65f6\u95f4\u6027\uff0cLabex ARTS-H2H\uff0cGalerie Rhinoc\u00e9ros et cie\uff0c156 bd Haussman\uff0c\u5df4\u9ece\u3002.<\/p>\n<p>6 mars 2014. La mati\u00e8re EST le m\u00e9canisme. Les mat\u00e9riaux responsifs et l&#8217;art contemporain. Dorkbot #46 (Doing strange things with electricity), Paris.<\/p>\n<p>2013\u5e749\u670819-20\u65e5\u3002ABC\u3002\u300a\u65e0\u52a8\u529b\u8fd0\u52a8\uff1a\u827a\u672f\u5bb6\u53ca\u5176\u8fd0\u52a8\u751f\u7269\u7684\u884c\u4e3a\u300b\u3002\u65e0\u808c\u8089\u8fd0\u52a8\uff08MWM\uff09\u4f1a\u8bae\uff0c\u683c\u52d2\u8bfa\u5e03\u5c14\u8de8\u5b66\u79d1\u5b9e\u9a8c\u5ba4\u3002.<\/p>\n<p>2013 \u5e74 5 \u6708 23 \u65e5\u3002\u6b63\u5728\u8fdb\u884c\u7684\u7814\u7a76\uff0c\u4e3a\u5df4\u9ece\u5c45\u91cc\u7814\u7a76\u6240 Labex DEEP \u5e74\u5ea6\u65e5\u505a\u51c6\u5907\u3002.<\/p>\n<p>2013 \u5e74 4 \u6708 11 \u65e5\u3002\u5728\u5df4\u9ece\u7b1b\u5361\u5c14\u5927\u5b66\u8de8\u5b66\u79d1\u7814\u7a76\u4e2d\u5fc3 (CRI) \u4e3e\u529e\u7684\u751f\u7269\u529b\u5b66\u3001\u5fae\u5de5\u7a0b\u3001\u7eb3\u7c73\u6280\u672f\u7814\u8ba8\u4f1a\u4e0a\u53d1\u8868\u6f14\u8bb2\u3002.<\/p>\n<p>21 f\u00e9v. 2013. Intervention et d\u00e9bat pour Math\u00e9matiques sensibles dans le cadre de &#8220;La science se livre&#8221; au Cube, Issy-les-Moulineaux.<\/p>\n<p>2013 \u5e74 1 \u6708 26 \u65e5\u3002\u7eb3\u7c73\u4e16\u754c\uff1a\u4e00\u4e2a\u65b0\u7684\u00ab\u5f02\u6258\u90a6\u00bb\uff1f\u5728\u5df4\u9ece\u84ec\u76ae\u675c\u4e2d\u5fc3\u4e3e\u529e\u7684\u00ab\u7eb3\u7c73\u5c3a\u5ea6\u7684\u827a\u672f\u00bb\u4f1a\u8bae\u4e0a\u53d1\u8868\u3002.<\/p>\n<p>9-10. Oct. 2012. Modulations mentales, modus operandi, Historique sur l\u2019art et les ondes mentales, pour les journ\u00e9es \u00ab\u00a0Interfaces neuronales : de la pens\u00e9e \u00e0 l&#8217;action\u00a0\u00bb, St\u00e9r\u00e9olux, Nantes.<\/p>\n2011 \u5e74 5 \u6708\u3002\u53cc\u4eba\u53c2\u89c2\uff0c\u827a\u672f\u4e0e\u79d1\u5b66\uff0c\u5173\u4e8e\u00ab\u8c01\u5173\u4e86\u706f\uff1f\u00bb\u5c55\u89c8\u3002MacVal \/ Explorad\u00f4me\uff0c\u7ef4\u7279\u91cc\u6cb3\u7554\u3002.<br \/>\n.<br \/>\n2011 \u5e74 3 \u6708\u3002Percoler \u5728\u5df4\u9ece\u79d1\u5b66\u5927\u5b66\u4e3e\u529e\u7684\u827a\u672f\u4e0e\u79d1\u5b66\u8bb2\u5ea7\u3002.\n<p>Juin 2010. YI SANG | GNAS IY et le retournement temporel. Intervention sur l&#8217;inspiration scientifique du po\u00e8te cor\u00e9en Yi Sang, festival \u00ab\u00a0Yi Sang \u00e0 Paris\u00a0\u00bb, \u00e0 la G\u00e9n\u00e9rale, Paris.<\/p>\n<p>Mai 2009. Les gestes de la m\u00e9moire, journ\u00e9e d&#8217;\u00e9tude \u00ab\u00a0Mobile Immobile\u00a0\u00bb, \u00e9quipe de recherche Esth\u00e9tique des nouveaux m\u00e9dias, Universit\u00e9 Paris 8, Saint-Denis.<\/p>\n<p>Mai 2009. L\u2019inventivit\u00e9\u00a0d\u00e9crite comme la percolation parataxique d\u2019\u00eelots de pens\u00e9e structur\u00e9e au sein de l\u2019informel. Journ\u00e9es scientifiques de l&#8217;Universit\u00e9 de Rennes2, \u00ab\u00a0Technique et creation\u201d, Rennes.<\/p>\n<p>2009 \u5e74 3 \u6708 5 \u65e5\u3002\u8111\u7535\u56fe\uff0c\u827a\u672f\u4e2d\u7cbe\u795e\u6ce2\u5386\u53f2\u7684\u4ecb\u5165\uff0c\u4e3a Gakona Thursdays\u3001\u8111\u6ce2\u3001\u4e1c\u4eac\u5bab\u3001\u5df4\u9ece\u800c\u4f5c\u3002.<\/p>\n<p>2008 \u5e74\u3002\u300a\u53d1\u660e\u81ea\u5df1\u7684\u9053\u8def\u300b\uff0c\u4e00\u5e45\u5c0f\u578b\u542f\u53d1\u5f0f\u58c1\u753b\uff0c\u00ab\u5c24\u91cc\u5361\uff0c\u53d1\u660e\u7684\u65f6\u523b\u00bb\u7814\u8ba8\u4f1a\uff0c\u5df4\u9ece 8 \u548c ESPCI\uff0c\u5df4\u9ece\u3002.<\/p>\n<h2><\/h2>\n<h2>\u7ec4\u7ec7\u4f1a\u8bae\u548c\u7814\u8ba8\u4f1a\uff08\u827a\u672f\uff09<\/h2>\n<p>\u5373\u5c06\u63a8\u51fa\u3002\u6211\u5c06\u4e8e2021\u5e745\u6708\u4e0e\u7269\u7406\u5b66\u5bb6\u8d1d\u8bfa\u74e6\u00b7\u7f57\u66fc\u5171\u540c\u7ec4\u7ec7\u4e00\u573a\u4e3a\u671f\u4e00\u5468\u7684\u8de8\u5b66\u79d1\u53cd\u601d\u6d3b\u52a8\uff0c\u4e3b\u9898\u4e3a\u201c\u6709\u751f\u547d\u7269\u8d28\u201d\u3002\u5c4a\u65f6\uff0c\u5341\u4e8c\u4f4d\u56fd\u9645\u77e5\u540d\u7684\u7814\u7a76\u4eba\u5458\u5c06\u5728\u7279\u96f7\u8036\u57fa\u91d1\u4f1a\uff08Fondation des Treilles\uff09\u8fdb\u884c\u4e3a\u671f\u4e00\u5468\u7684\u9694\u79bb\u5f0f\u7814\u7a76\u3002\u8be5\u57fa\u91d1\u4f1a\u81f4\u529b\u4e8e\u4fc3\u8fdb\u521b\u4f5c\u8005\u4e0e\u7814\u7a76\u4eba\u5458\u4e4b\u95f4\u7684\u5bf9\u8bdd\u3002\u9884\u8ba1\u6b64\u6b21\u7814\u7a76\u5c06\u50ac\u751f\u4e00\u4e2a\u5b9e\u4f53\u9879\u76ee\u3001\u4e3e\u529e\u4e00\u573a\u56fd\u9645\u7814\u8ba8\u4f1a\uff0c\u5e76\u53ef\u80fd\u51fa\u7248\u4e00\u672c\u4e66\u6216\u4e3e\u529e\u4e00\u4e2a\u5c55\u89c8\u3002.<\/p>\n<p>2017\u5e746\u670821\u65e5\u3002\u56f4\u7ed5\u751f\u547d\u4f53\u7684\u8de8\u5b66\u79d1\u63a2\u7d22\u3002PSL\u7684\u79d1\u5b66\u4e0e\u827a\u672f\u3002\u4e0eLia Giraud\u3001Val\u00e9rie Pihet\u548cPerig Pitrou\u5728ESPCI\u7ec4\u7ec7\u7684\u827a\u672f\u4e0e\u751f\u7269\u5b66\u5de5\u4f5c\u574a\u3002.<\/p>\n<p>1er Juin 2017. Responsive Matter, colloque art&amp;science, Centre Pompidou, Paris, organis\u00e9 avec Marie-Ange Brayer, Samuel Bianchini et Emanuele Quinz. L&#8217;impression 3D r\u00e9actualise le rapport mati\u00e8re\u00a0\/\u00a0forme o\u00f9 la mati\u00e8re ne prend sens que lorsqu\u2019elle est inform\u00e9e et se doit de se faire oublier. Mais qu&#8217;en est-il aujourd&#8217;hui de ces nouveaux mat\u00e9riaux actifs, r\u00e9actifs et adaptatifs\u00a0?<\/p>\n<p>2017\u5e741\u6708\u81f32019\u5e741\u6708\u3002\u201c\u5de5\u4f5c\u751f\u6d3b\u201d\u9879\u76ee\uff1a\u63a2\u7d22\u751f\u7269\u827a\u672f\u548c\u751f\u7269\u8bbe\u8ba1\u7684\u6f5c\u529b\u3002\u6211\u4e0eLudovic Jullien\u548cLia Giraud\u5171\u540c\u53c2\u4e0e\u4e86\u7531Perig Pitrou\u6307\u5bfc\u3001PSL\u8d44\u52a9\u7684\u9879\u76ee\u3002\u8be5\u9879\u76ee\u6c47\u96c6\u4e86\u6765\u81eaPSL\u65d7\u4e0b\u5404\u673a\u6784\uff08\u827a\u672f\u4e0e\u8bbe\u8ba1\u5b66\u9662\u3001\u81ea\u7136\u79d1\u5b66\u3001\u4eba\u6587\u793e\u79d1\u5b9e\u9a8c\u5ba4\uff09\u7684\u53c2\u4e0e\u8005\uff0c\u5171\u540c\u63a2\u7d22\u751f\u7269\u6280\u672f\u5728\u751f\u7269\u827a\u672f\u548c\u751f\u7269\u8bbe\u8ba1\u9886\u57df\u4e2d\uff0c\u5e94\u7528\u4e8e\u827a\u672f\u3001\u5de5\u827a\u548c\u5de5\u4e1a\u5b9e\u8df5\u7684\u6f5c\u529b\u3002.<\/p>\n<p>2016\u5e749\u670820\u65e5\u81f321\u65e5\uff0cFOLD\u3001EnsAD-ESPCI-\u6d2a\u5821\u5927\u5b66-MPI Podsdam\u8054\u5408\u7814\u8ba8\u4f1a\u3002\u672c\u6b21\u7814\u8ba8\u4f1a\u7531Beno\u00eet Roman\uff08\u5df4\u9ece\u9ad8\u7b49\u7269\u7406\u5316\u5de5\u5b66\u9662\uff09\u3001Michael Friedman\uff08\u6d2a\u5821\u5927\u5b66\uff09\u548cPeter Fratzl\uff08\u9a6c\u514b\u65af\u00b7\u666e\u62c9\u514b\u80f6\u4f53\u4e0e\u754c\u9762\u7814\u7a76\u6240\u6240\u957f\uff09\u5171\u540c\u7ec4\u7ec7\u3002\u7814\u8ba8\u4f1a\u65e8\u5728\u4fc3\u8fdb\u4e24\u4e2a\u4e0d\u540c\u5b66\u79d1\u7684\u4ea4\u6d41\uff1a\u4e00\u65b9\u9762\u662f\uff08\u751f\u7269\uff09\u6750\u6599\u7684\u529b\u5b66\u548c\u5f62\u6001\u53d1\u751f\uff0c\u53e6\u4e00\u65b9\u9762\u662f\u54f2\u5b66\u3002.<\/p>\n<p>2009\u5e746\u6708\u81f32010\u5e742\u6708\u3002\u201c\u6362\u76ae\u201d\uff1a\u7ec4\u7ec7\u4e24\u573a\u6d3b\u52a8\uff0c\u4fc3\u6210\u827a\u672f\u5bb6\u4e0e\u79d1\u5b66\u5bb6\u7ed3\u5bf9\u5408\u4f5c\uff0c\u5efa\u7acb\u4ea4\u6d41\uff08\u5f7c\u6b64\u6362\u4f4d\u601d\u8003\uff09\uff0c\u5e76\u5c55\u793a\u6210\u679c\u3002\u4e0e\u5df4\u9ece\u7b2c\u516b\u5927\u5b66\u548c\u5df4\u9ece\u9ad8\u7b49\u7269\u7406\u5316\u5de5\u5b66\u9662\uff08ESPCI\uff09\u5408\u4f5c\u4e3e\u529e\u3002.<\/p>\n<p>31 Mai-1er juin 2007. Eur\u00eaka, le moment de l&#8217;invention, organisation avec Ivan Toulouse du colloque avec des intervenants artistes et scientifiques, mai 2007, Universit\u00e9 Paris 8 et \u00a0ESPCI.<\/p>","protected":false},"excerpt":{"rendered":"<p>Voir les publications sur Academia.edu \u00c0 venir (oct. 2020). In formation &amp; information in living materials, in \u00ab\u00a0Design, Gestaltung, Formativit\u00e0\u00a0\u00bb, anthology, Patricia Ribault, Cluster of Excellence Matters of Activity. Image Space Material. Juin. 2018. Sciences et art : alibi scientiste ou voie pour les humanit\u00e9s ? in \u00ab\u00a0Quel avenir pour [&hellip;]<\/p>","protected":false},"author":1,"featured_media":345,"parent":0,"menu_order":0,"comment_status":"closed","ping_status":"closed","template":"","meta":{"inspiro_page_layout":"narrow","inspiro_hide_title":false,"footnotes":""},"class_list":["post-344","page","type-page","status-publish","has-post-thumbnail","hentry"],"jetpack_sharing_enabled":true,"_links":{"self":[{"href":"https:\/\/dominiquepeysson.net\/zh\/wp-json\/wp\/v2\/pages\/344","targetHints":{"allow":["GET"]}}],"collection":[{"href":"https:\/\/dominiquepeysson.net\/zh\/wp-json\/wp\/v2\/pages"}],"about":[{"href":"https:\/\/dominiquepeysson.net\/zh\/wp-json\/wp\/v2\/types\/page"}],"author":[{"embeddable":true,"href":"https:\/\/dominiquepeysson.net\/zh\/wp-json\/wp\/v2\/users\/1"}],"replies":[{"embeddable":true,"href":"https:\/\/dominiquepeysson.net\/zh\/wp-json\/wp\/v2\/comments?post=344"}],"version-history":[{"count":4,"href":"https:\/\/dominiquepeysson.net\/zh\/wp-json\/wp\/v2\/pages\/344\/revisions"}],"predecessor-version":[{"id":427,"href":"https:\/\/dominiquepeysson.net\/zh\/wp-json\/wp\/v2\/pages\/344\/revisions\/427"}],"wp:featuredmedia":[{"embeddable":true,"href":"https:\/\/dominiquepeysson.net\/zh\/wp-json\/wp\/v2\/media\/345"}],"wp:attachment":[{"href":"https:\/\/dominiquepeysson.net\/zh\/wp-json\/wp\/v2\/media?parent=344"}],"curies":[{"name":"wp","href":"https:\/\/api.w.org\/{rel}","templated":true}]}}