{"id":61,"date":"2020-07-08T17:20:12","date_gmt":"2020-07-08T17:20:12","guid":{"rendered":"https:\/\/site.dominiquepeysson.net\/?page_id=61"},"modified":"2024-09-27T16:38:08","modified_gmt":"2024-09-27T16:38:08","slug":"61-2","status":"publish","type":"page","link":"https:\/\/dominiquepeysson.net\/ja\/","title":{"rendered":"\u3044\u3089\u3063\u3057\u3083\u3044\u307e\u305b"},"content":{"rendered":"<h3>\n\t\t\t\t\t<a href=\"https:\/\/site.dominiquepeysson.net\/works\/\" title=\"\u4f5c\u54c1\" target=\"_blank\" rel=\"noopener\">\n\t\t\t\t\t\t\u4f5c\u54c1\n\t\t\t\t\t\t<\/a>\n\t\t\t<\/h3>\n\t<h3>\n\t\t\t\t\t\u306b\u3064\u3044\u3066\n\t\t\t\t<\/h3>\n\t<p>Dominique Peysson est artiste plasticienne et chercheuse en arts. Elle a deux doctorats, en\u00a0 arts et sciences de l&#8217;art \u00e0 Paris 1 et en physique, et un dipl\u00f4me d&#8217;ing\u00e9nieur ESPCI. Elle a men\u00e9 ses recherches et enseign\u00e9 \u00e0 l&#8217;\u00c9cole Nationale Sup\u00e9rieure des Arts D\u00e9coratifs (Ensad), puis \u00e0 l&#8217;universit\u00e9 Paris-Est Marne-la-vall\u00e9e. Promouvant la rencontre fertile entre les arts contemporains et les sciences, elle expose r\u00e9guli\u00e8rement ses \u0153uvres en France et \u00e0 l&#8217;\u00e9tranger et elle est l&#8217;auteure de nombreuses publications, dont l&#8217;ouvrage<em> L&#8217;Image-Mati\u00e8re : Mat\u00e9riaux \u00e9mergents &amp; M\u00e9tamorphoses imaginaires<\/em> Dis Voir \u3067\u3002.<\/p>\n\t\t\t<a href=\"https:\/\/site.dominiquepeysson.net\/about\/\" target=\"_self\" role=\"button\" rel=\"noopener\">\n\t\t\t\t\t\t\u3082\u3063\u3068\u8a73\u3057\u304f\u77e5\u308b\n\t\t<\/a>\n\t<h3>\n\t\t\t\t\t<a href=\"https:\/\/site.dominiquepeysson.net\/actualites\/\" title=\"\u30cb\u30e5\u30fc\u30b9\" target=\"_blank\" rel=\"noopener\">\n\t\t\t\t\t\t\u30cb\u30e5\u30fc\u30b9\n\t\t\t\t\t\t<\/a>\n\t\t\t<\/h3>\n\t<meta itemscope itemprop=\"mainEntityOfPage\" itemtype=\"https:\/\/schema.org\/WebPage\" itemid=\"https:\/\/dominiquepeysson.net\/uncategorized\/life-is-a-vapor-and-then-nothing\/\" content=\"Life is a vapor&#8230; and then nothing\" \/><meta itemprop=\"datePublished\" content=\"2021-11-17\" \/><meta itemprop=\"dateModified\" content=\"2022-05-05\" \/><meta itemprop=\"name\" content=\"Dominique PEYSSON\"\/><meta itemprop=\"url\" content=\"https:\/\/dominiquepeysson.net\/author\/admin\/\" \/><meta itemprop=\"name\" content=\"admin\" \/><meta itemprop=\"url\" content=\"https:\/\/i0.wp.com\/dominiquepeysson.net\/wp-content\/uploads\/2021\/11\/VieVapeur.jpg?fit=1024%2C362&#038;ssl=1\" \/><meta itemprop=\"width\" content=\"1024\" \/><meta itemprop=\"height\" content=\"362\" \/><meta itemprop=\"interactionType\" content=\"https:\/\/schema.org\/CommentAction\" \/><meta itemprop=\"userInteractionCount\" content=\"0\" \/>\t\n\t<a href=\"https:\/\/dominiquepeysson.net\/ja\/%e6%9c%aa%e5%88%86%e9%a1%9e\/%e3%81%84%e3%81%ae%e3%81%a1%e3%81%af%e6%b0%b4%e8%92%b8%e6%b0%97%e3%81%9d%e3%81%97%e3%81%a6%e7%84%a1\/\" rel=\"bookmark\" title=\"\u4eba\u751f\u306f\u84b8\u6c17\u2026\u305d\u3057\u3066\u4f55\u3082\u306a\u304f\u306a\u308b\">\n\t\t<img width=\"930\" height=\"329\" src=\"https:\/\/i0.wp.com\/dominiquepeysson.net\/wp-content\/uploads\/2021\/11\/VieVapeur.jpg?fit=930%2C329&amp;ssl=1\" alt=\"\" decoding=\"async\" loading=\"lazy\" srcset=\"https:\/\/i0.wp.com\/dominiquepeysson.net\/wp-content\/uploads\/2021\/11\/VieVapeur.jpg?w=1024&amp;ssl=1 1024w, https:\/\/i0.wp.com\/dominiquepeysson.net\/wp-content\/uploads\/2021\/11\/VieVapeur.jpg?resize=300%2C106&amp;ssl=1 300w, https:\/\/i0.wp.com\/dominiquepeysson.net\/wp-content\/uploads\/2021\/11\/VieVapeur.jpg?resize=768%2C272&amp;ssl=1 768w, https:\/\/i0.wp.com\/dominiquepeysson.net\/wp-content\/uploads\/2021\/11\/VieVapeur.jpg?resize=1000%2C354&amp;ssl=1 1000w, https:\/\/i0.wp.com\/dominiquepeysson.net\/wp-content\/uploads\/2021\/11\/VieVapeur.jpg?resize=600%2C212&amp;ssl=1 600w\" sizes=\"auto, (max-width: 930px) 100vw, 930px\" \/>\t<\/a>\n\t\t<h3 itemprop=\"headline\">\n\t\t\t<a href=\"https:\/\/dominiquepeysson.net\/ja\/%e6%9c%aa%e5%88%86%e9%a1%9e\/%e3%81%84%e3%81%ae%e3%81%a1%e3%81%af%e6%b0%b4%e8%92%b8%e6%b0%97%e3%81%9d%e3%81%97%e3%81%a6%e7%84%a1\/\" title=\"\u4eba\u751f\u306f\u84b8\u6c17\u2026\u305d\u3057\u3066\u4f55\u3082\u306a\u304f\u306a\u308b\">\u4eba\u751f\u306f\u84b8\u6c17\u2026\u305d\u3057\u3066\u4f55\u3082\u306a\u304f\u306a\u308b<\/a>\n\t\t<\/h3>\n\t\t\t2021\u5e7411\u670817\u65e5\t\t\n\t\t\t\t\t\t<p>\u3053\u3061\u3089\u3092\u30af\u30ea\u30c3\u30af \u30aa\u30ea\u30f4\u30a3\u30a8\u30fb\u30b0\u30fc\u30ec\u3068\u79c1\u306b\u3088\u308b\u300c\u4eba\u751f\u306f\u84b8\u6c17\u2026\u305d\u3057\u3066\u6d88\u3048\u53bb\u308b\u300d\u306f\u30012021\u5e7411\u670817\u65e5\u306b\u30b7(\u30ce\u30f3)\u30a6\u30a4\u30fb\u30d5\u30a7\u30b9\u30c6\u30a3\u30d0\u30eb\u3067\u4e0a\u6f14\u3055\u308c\u307e\u3057\u305f\u3002\u3053\u306e\u30d1\u30d5\u30a9\u30fc\u30de\u30f3\u30b9\u306f\u30f4\u30a1\u30cb\u30bf\u30b9\uff08\u865a\u7121\uff09\u3067\u3059\u3002\u305d\u308c\u306f[\u2026]<\/p>\n\t<meta itemscope itemprop=\"mainEntityOfPage\" itemtype=\"https:\/\/schema.org\/WebPage\" itemid=\"https:\/\/dominiquepeysson.net\/uncategorized\/bonne-annee-2021\/\" content=\"Bonne ann\u00e9e 2021\" \/><meta itemprop=\"datePublished\" content=\"2021-01-04\" \/><meta itemprop=\"dateModified\" content=\"2021-01-04\" \/><meta itemprop=\"name\" content=\"Dominique PEYSSON\"\/><meta itemprop=\"url\" content=\"https:\/\/dominiquepeysson.net\/author\/admin\/\" \/><meta itemprop=\"name\" content=\"admin\" \/><meta itemprop=\"url\" content=\"https:\/\/i0.wp.com\/dominiquepeysson.net\/wp-content\/uploads\/2021\/01\/voeux-2021.jpg?fit=1446%2C511&#038;ssl=1\" \/><meta itemprop=\"width\" content=\"1446\" \/><meta itemprop=\"height\" content=\"511\" \/><meta itemprop=\"interactionType\" content=\"https:\/\/schema.org\/CommentAction\" \/><meta itemprop=\"userInteractionCount\" content=\"0\" \/>\t\n\t<a href=\"https:\/\/dominiquepeysson.net\/ja\/%e6%9c%aa%e5%88%86%e9%a1%9e\/%e3%81%82%e3%81%91%e3%81%be%e3%81%97%e3%81%a6%e3%81%8a%e3%82%81%e3%81%a7%e3%81%a8%e3%81%86%e3%81%94%e3%81%96%e3%81%84%e3%81%be%e3%81%99\/\" rel=\"bookmark\" title=\"2021\u5e74\u660e\u3051\u307e\u3057\u3066\u304a\u3081\u3067\u3068\u3046\u3054\u3056\u3044\u307e\u3059\">\n\t\t<img width=\"930\" height=\"329\" src=\"https:\/\/i0.wp.com\/dominiquepeysson.net\/wp-content\/uploads\/2021\/01\/voeux-2021.jpg?fit=930%2C329&amp;ssl=1\" alt=\"\" decoding=\"async\" loading=\"lazy\" srcset=\"https:\/\/i0.wp.com\/dominiquepeysson.net\/wp-content\/uploads\/2021\/01\/voeux-2021.jpg?w=1446&amp;ssl=1 1446w, https:\/\/i0.wp.com\/dominiquepeysson.net\/wp-content\/uploads\/2021\/01\/voeux-2021.jpg?resize=300%2C106&amp;ssl=1 300w, https:\/\/i0.wp.com\/dominiquepeysson.net\/wp-content\/uploads\/2021\/01\/voeux-2021.jpg?resize=1024%2C362&amp;ssl=1 1024w, https:\/\/i0.wp.com\/dominiquepeysson.net\/wp-content\/uploads\/2021\/01\/voeux-2021.jpg?resize=768%2C271&amp;ssl=1 768w, https:\/\/i0.wp.com\/dominiquepeysson.net\/wp-content\/uploads\/2021\/01\/voeux-2021.jpg?resize=1000%2C353&amp;ssl=1 1000w, https:\/\/i0.wp.com\/dominiquepeysson.net\/wp-content\/uploads\/2021\/01\/voeux-2021.jpg?resize=600%2C212&amp;ssl=1 600w\" sizes=\"auto, (max-width: 930px) 100vw, 930px\" \/>\t<\/a>\n\t\t<h3 itemprop=\"headline\">\n\t\t\t<a href=\"https:\/\/dominiquepeysson.net\/ja\/%e6%9c%aa%e5%88%86%e9%a1%9e\/%e3%81%82%e3%81%91%e3%81%be%e3%81%97%e3%81%a6%e3%81%8a%e3%82%81%e3%81%a7%e3%81%a8%e3%81%86%e3%81%94%e3%81%96%e3%81%84%e3%81%be%e3%81%99\/\" title=\"2021\u5e74\u660e\u3051\u307e\u3057\u3066\u304a\u3081\u3067\u3068\u3046\u3054\u3056\u3044\u307e\u3059\">2021\u5e74\u660e\u3051\u307e\u3057\u3066\u304a\u3081\u3067\u3068\u3046\u3054\u3056\u3044\u307e\u3059<\/a>\n\t\t<\/h3>\n\t\t\t2021\u5e741\u67084\u65e5\t\t\n\t\t\t\t\t\t<p>2021\u5e74\u306e\u65b0\u5e74\u306e\u3054\u6328\u62f6\u52d5\u753b\u3092\u305c\u3072\u3054\u89a7\u304f\u3060\u3055\u3044!<\/p>\n\t<meta itemscope itemprop=\"mainEntityOfPage\" itemtype=\"https:\/\/schema.org\/WebPage\" itemid=\"https:\/\/dominiquepeysson.net\/uncategorized\/festival-octobre-numerique-arles-2020\/\" content=\"Festival Octobre Num\u00e9rique Arles 2020\" \/><meta itemprop=\"datePublished\" content=\"2020-10-21\" \/><meta itemprop=\"dateModified\" content=\"2020-10-27\" \/><meta itemprop=\"name\" content=\"Dominique PEYSSON\"\/><meta itemprop=\"url\" content=\"https:\/\/dominiquepeysson.net\/author\/admin\/\" \/><meta itemprop=\"name\" content=\"admin\" \/><meta itemprop=\"url\" content=\"https:\/\/i0.wp.com\/dominiquepeysson.net\/wp-content\/uploads\/2020\/10\/OSONS-ON-ARLES.jpg?fit=1446%2C511&#038;ssl=1\" \/><meta itemprop=\"width\" content=\"1446\" \/><meta itemprop=\"height\" content=\"511\" \/><meta itemprop=\"interactionType\" content=\"https:\/\/schema.org\/CommentAction\" \/><meta itemprop=\"userInteractionCount\" content=\"0\" \/>\t\n\t<a href=\"https:\/\/dominiquepeysson.net\/ja\/%e6%9c%aa%e5%88%86%e9%a1%9e\/%e3%82%a2%e3%83%ab%e3%83%ab2020%e3%83%87%e3%82%b8%e3%82%bf%e3%83%ab%e3%83%bb%e3%82%aa%e3%82%af%e3%83%88%e3%83%bc%e3%83%90%e3%83%bc%e3%83%bb%e3%83%95%e3%82%a7%e3%82%b9%e3%83%86%e3%82%a3%e3%83%90\/\" rel=\"bookmark\" title=\"\u30c7\u30b8\u30bf\u30eb\u30fb\u30aa\u30af\u30c8\u30fc\u30d0\u30fc\u30fb\u30d5\u30a7\u30b9\u30c6\u30a3\u30d0\u30eb\u30fb\u30a2\u30eb\u30eb 2020\">\n\t\t<img width=\"930\" height=\"329\" src=\"https:\/\/i0.wp.com\/dominiquepeysson.net\/wp-content\/uploads\/2020\/10\/OSONS-ON-ARLES.jpg?fit=930%2C329&amp;ssl=1\" alt=\"\" decoding=\"async\" loading=\"lazy\" srcset=\"https:\/\/i0.wp.com\/dominiquepeysson.net\/wp-content\/uploads\/2020\/10\/OSONS-ON-ARLES.jpg?w=1446&amp;ssl=1 1446w, https:\/\/i0.wp.com\/dominiquepeysson.net\/wp-content\/uploads\/2020\/10\/OSONS-ON-ARLES.jpg?resize=300%2C106&amp;ssl=1 300w, https:\/\/i0.wp.com\/dominiquepeysson.net\/wp-content\/uploads\/2020\/10\/OSONS-ON-ARLES.jpg?resize=1024%2C362&amp;ssl=1 1024w, https:\/\/i0.wp.com\/dominiquepeysson.net\/wp-content\/uploads\/2020\/10\/OSONS-ON-ARLES.jpg?resize=768%2C271&amp;ssl=1 768w, https:\/\/i0.wp.com\/dominiquepeysson.net\/wp-content\/uploads\/2020\/10\/OSONS-ON-ARLES.jpg?resize=1000%2C353&amp;ssl=1 1000w, https:\/\/i0.wp.com\/dominiquepeysson.net\/wp-content\/uploads\/2020\/10\/OSONS-ON-ARLES.jpg?resize=600%2C212&amp;ssl=1 600w\" sizes=\"auto, (max-width: 930px) 100vw, 930px\" \/>\t<\/a>\n\t\t<h3 itemprop=\"headline\">\n\t\t\t<a href=\"https:\/\/dominiquepeysson.net\/ja\/%e6%9c%aa%e5%88%86%e9%a1%9e\/%e3%82%a2%e3%83%ab%e3%83%ab2020%e3%83%87%e3%82%b8%e3%82%bf%e3%83%ab%e3%83%bb%e3%82%aa%e3%82%af%e3%83%88%e3%83%bc%e3%83%90%e3%83%bc%e3%83%bb%e3%83%95%e3%82%a7%e3%82%b9%e3%83%86%e3%82%a3%e3%83%90\/\" title=\"\u30c7\u30b8\u30bf\u30eb\u30fb\u30aa\u30af\u30c8\u30fc\u30d0\u30fc\u30fb\u30d5\u30a7\u30b9\u30c6\u30a3\u30d0\u30eb\u30fb\u30a2\u30eb\u30eb 2020\">\u30c7\u30b8\u30bf\u30eb\u30fb\u30aa\u30af\u30c8\u30fc\u30d0\u30fc\u30fb\u30d5\u30a7\u30b9\u30c6\u30a3\u30d0\u30eb\u30fb\u30a2\u30eb\u30eb 2020<\/a>\n\t\t<\/h3>\n\t\t\t21 Oct 2020\t\t\n\t\t\t\t\t\t\u00c9tude de nuage est expos\u00e9 actuellement pour le festival Octobre Num\u00e9rique \u00e0 Arles!<br \/>\nUne image de nuage r\u00e9alis\u00e9e \u00e0 partir du tableau \u00ab Paysage sous un ciel mouvement\u00e9 \u00bb, que Vincent van Gogh a peint \u00e0 Arles en avril 1889. L&#8217;image est form\u00e9e de gouttes qui sont compos\u00e9es d&#8217;eau de ros\u00e9e r\u00e9colt\u00e9e dans un champ comme celui du tableau, au cours de l&#8217;\u00e9t\u00e9 2020. \n\t<meta itemscope itemprop=\"mainEntityOfPage\" itemtype=\"https:\/\/schema.org\/WebPage\" itemid=\"https:\/\/dominiquepeysson.net\/uncategorized\/hello-world\/\" content=\"R\u00e9colte de ros\u00e9e du matin\" \/><meta itemprop=\"datePublished\" content=\"2020-06-08\" \/><meta itemprop=\"dateModified\" content=\"2020-10-27\" \/><meta itemprop=\"name\" content=\"Dominique PEYSSON\"\/><meta itemprop=\"url\" content=\"https:\/\/dominiquepeysson.net\/author\/admin\/\" \/><meta itemprop=\"name\" content=\"admin\" \/><meta itemprop=\"url\" content=\"https:\/\/i0.wp.com\/dominiquepeysson.net\/wp-content\/uploads\/2020\/06\/recolte_rosee.jpg?fit=1701%2C599&#038;ssl=1\" \/><meta itemprop=\"width\" content=\"1701\" \/><meta itemprop=\"height\" content=\"599\" \/><meta itemprop=\"interactionType\" content=\"https:\/\/schema.org\/CommentAction\" \/><meta itemprop=\"userInteractionCount\" content=\"1\" \/>\t\n\t<a href=\"https:\/\/dominiquepeysson.net\/ja\/%e6%9c%aa%e5%88%86%e9%a1%9e\/%e3%83%8f%e3%83%ad%e3%83%bc%e3%83%af%e3%83%bc%e3%83%ab%e3%83%89\/\" rel=\"bookmark\" title=\"\u671d\u9732\u3092\u53ce\u7a6b\u3059\u308b\">\n\t\t<img width=\"930\" height=\"328\" src=\"https:\/\/i0.wp.com\/dominiquepeysson.net\/wp-content\/uploads\/2020\/06\/recolte_rosee.jpg?fit=930%2C328&amp;ssl=1\" alt=\"\" decoding=\"async\" loading=\"lazy\" srcset=\"https:\/\/i0.wp.com\/dominiquepeysson.net\/wp-content\/uploads\/2020\/06\/recolte_rosee.jpg?w=1701&amp;ssl=1 1701w, https:\/\/i0.wp.com\/dominiquepeysson.net\/wp-content\/uploads\/2020\/06\/recolte_rosee.jpg?resize=300%2C106&amp;ssl=1 300w, https:\/\/i0.wp.com\/dominiquepeysson.net\/wp-content\/uploads\/2020\/06\/recolte_rosee.jpg?resize=1024%2C361&amp;ssl=1 1024w, https:\/\/i0.wp.com\/dominiquepeysson.net\/wp-content\/uploads\/2020\/06\/recolte_rosee.jpg?resize=768%2C270&amp;ssl=1 768w, https:\/\/i0.wp.com\/dominiquepeysson.net\/wp-content\/uploads\/2020\/06\/recolte_rosee.jpg?resize=1536%2C541&amp;ssl=1 1536w, https:\/\/i0.wp.com\/dominiquepeysson.net\/wp-content\/uploads\/2020\/06\/recolte_rosee.jpg?resize=1000%2C352&amp;ssl=1 1000w, https:\/\/i0.wp.com\/dominiquepeysson.net\/wp-content\/uploads\/2020\/06\/recolte_rosee.jpg?resize=1590%2C560&amp;ssl=1 1590w, https:\/\/i0.wp.com\/dominiquepeysson.net\/wp-content\/uploads\/2020\/06\/recolte_rosee.jpg?resize=600%2C211&amp;ssl=1 600w\" sizes=\"auto, (max-width: 930px) 100vw, 930px\" \/>\t<\/a>\n\t\t<h3 itemprop=\"headline\">\n\t\t\t<a href=\"https:\/\/dominiquepeysson.net\/ja\/%e6%9c%aa%e5%88%86%e9%a1%9e\/%e3%83%8f%e3%83%ad%e3%83%bc%e3%83%af%e3%83%bc%e3%83%ab%e3%83%89\/\" title=\"\u671d\u9732\u3092\u53ce\u7a6b\u3059\u308b\">\u671d\u9732\u3092\u53ce\u7a6b\u3059\u308b<\/a>\n\t\t<\/h3>\n\t\t\t2020\u5e746\u67088\u65e5\t\t\n\t\t\t\t\t\t<p>R\u00e9colte d&#8217;eau de ros\u00e9e au tout petit matin a proximit\u00e9 de la ville d&#8217;Arles, selon une des m\u00e9thodes pr\u00e9conis\u00e9es par les alchimistes. Lorsque les conditions atmosph\u00e9riques ont \u00e9t\u00e9 r\u00e9unies pour permettre le d\u00e9p\u00f4t de ros\u00e9e pendant la nuit, l&#8217;artiste Dominique Peysson a fait glisser un drap de coton sur l&#8217;herbe et les feuilles pour l&#8217;impr\u00e9gner de cette eau en provenance directe des nuages.<\/p>","protected":false},"excerpt":{"rendered":"<p>Travaux \u00c0 PROPOS Dominique Peysson est artiste plasticienne et chercheuse en arts. Elle a deux doctorats, en\u00a0 arts et sciences de l&#8217;art \u00e0 Paris 1 et en physique, et un dipl\u00f4me d&#8217;ing\u00e9nieur ESPCI. Elle a men\u00e9 ses recherches et enseign\u00e9 \u00e0 l&#8217;\u00c9cole Nationale Sup\u00e9rieure des Arts D\u00e9coratifs (Ensad), puis \u00e0 [&hellip;]<\/p>","protected":false},"author":1,"featured_media":0,"parent":0,"menu_order":0,"comment_status":"closed","ping_status":"closed","template":"page-templates\/homepage-builder-bb.php","meta":{"inspiro_page_layout":"narrow","inspiro_hide_title":false,"footnotes":""},"class_list":["post-61","page","type-page","status-publish","hentry"],"jetpack_sharing_enabled":true,"_links":{"self":[{"href":"https:\/\/dominiquepeysson.net\/ja\/wp-json\/wp\/v2\/pages\/61","targetHints":{"allow":["GET"]}}],"collection":[{"href":"https:\/\/dominiquepeysson.net\/ja\/wp-json\/wp\/v2\/pages"}],"about":[{"href":"https:\/\/dominiquepeysson.net\/ja\/wp-json\/wp\/v2\/types\/page"}],"author":[{"embeddable":true,"href":"https:\/\/dominiquepeysson.net\/ja\/wp-json\/wp\/v2\/users\/1"}],"replies":[{"embeddable":true,"href":"https:\/\/dominiquepeysson.net\/ja\/wp-json\/wp\/v2\/comments?post=61"}],"version-history":[{"count":54,"href":"https:\/\/dominiquepeysson.net\/ja\/wp-json\/wp\/v2\/pages\/61\/revisions"}],"predecessor-version":[{"id":653,"href":"https:\/\/dominiquepeysson.net\/ja\/wp-json\/wp\/v2\/pages\/61\/revisions\/653"}],"wp:attachment":[{"href":"https:\/\/dominiquepeysson.net\/ja\/wp-json\/wp\/v2\/media?parent=61"}],"curies":[{"name":"wp","href":"https:\/\/api.w.org\/{rel}","templated":true}]}}