{"id":61,"date":"2020-07-08T17:20:12","date_gmt":"2020-07-08T17:20:12","guid":{"rendered":"https:\/\/site.dominiquepeysson.net\/?page_id=61"},"modified":"2024-09-27T16:38:08","modified_gmt":"2024-09-27T16:38:08","slug":"61-2","status":"publish","type":"page","link":"https:\/\/dominiquepeysson.net\/es\/","title":{"rendered":"bienvenida"},"content":{"rendered":"<h3>\n\t\t\t\t\t<a href=\"https:\/\/site.dominiquepeysson.net\/works\/\" title=\"Obras\" target=\"_blank\" rel=\"noopener\">\n\t\t\t\t\t\tObras\n\t\t\t\t\t\t<\/a>\n\t\t\t<\/h3>\n\t<h3>\n\t\t\t\t\tA PROPOSITO\n\t\t\t\t<\/h3>\n\t<p>Dominique Peysson es artista visual e investigadora art\u00edstica. Tiene dos doctorados, en artes y ciencias del arte en Par\u00eds 1 y en f\u00edsica, y un diploma de ingenier\u00eda ESPCI. Realiz\u00f3 sus investigaciones y ense\u00f1\u00f3 en la \u00c9cole Nationale Sup\u00e9rieure des Arts D\u00e9coratifs (Ensad), luego en la Universidad de Paris-Est Marne-la-vall\u00e9e. Promoviendo el encuentro f\u00e9rtil entre las artes y las ciencias contempor\u00e1neas, expone regularmente sus obras en Francia y en el extranjero y es autora de numerosas publicaciones, entre ellas el libro<em> La imagen material: materiales emergentes y metamorfosis imaginarias<\/em> en Decir Ver.<\/p>\n\t\t\t<a href=\"https:\/\/site.dominiquepeysson.net\/about\/\" target=\"_self\" role=\"button\" rel=\"noopener\">\n\t\t\t\t\t\tM\u00c1S INFORMACI\u00d3N\n\t\t<\/a>\n\t<h3>\n\t\t\t\t\t<a href=\"https:\/\/site.dominiquepeysson.net\/actualites\/\" title=\"Noticias\" target=\"_blank\" rel=\"noopener\">\n\t\t\t\t\t\tNoticias\n\t\t\t\t\t\t<\/a>\n\t\t\t<\/h3>\n\t<meta itemscope itemprop=\"mainEntityOfPage\" itemtype=\"https:\/\/schema.org\/WebPage\" itemid=\"https:\/\/dominiquepeysson.net\/uncategorized\/life-is-a-vapor-and-then-nothing\/\" content=\"Life is a vapor&#8230; and then nothing\" \/><meta itemprop=\"datePublished\" content=\"2021-11-17\" \/><meta itemprop=\"dateModified\" content=\"2022-05-05\" \/><meta itemprop=\"name\" content=\"Dominique PEYSSON\"\/><meta itemprop=\"url\" content=\"https:\/\/dominiquepeysson.net\/author\/admin\/\" \/><meta itemprop=\"name\" content=\"admin\" \/><meta itemprop=\"url\" content=\"https:\/\/i0.wp.com\/dominiquepeysson.net\/wp-content\/uploads\/2021\/11\/VieVapeur.jpg?fit=1024%2C362&#038;ssl=1\" \/><meta itemprop=\"width\" content=\"1024\" \/><meta itemprop=\"height\" content=\"362\" \/><meta itemprop=\"interactionType\" content=\"https:\/\/schema.org\/CommentAction\" \/><meta itemprop=\"userInteractionCount\" content=\"0\" \/>\t\n\t<a href=\"https:\/\/dominiquepeysson.net\/es\/sin-categoria\/la-vida-es-un-vapor-y-luego-nada\/\" rel=\"bookmark\" title=\"La vida es un vapor... y luego nada\">\n\t\t<img width=\"930\" height=\"329\" src=\"https:\/\/i0.wp.com\/dominiquepeysson.net\/wp-content\/uploads\/2021\/11\/VieVapeur.jpg?fit=930%2C329&amp;ssl=1\" alt=\"\" decoding=\"async\" loading=\"lazy\" srcset=\"https:\/\/i0.wp.com\/dominiquepeysson.net\/wp-content\/uploads\/2021\/11\/VieVapeur.jpg?w=1024&amp;ssl=1 1024w, https:\/\/i0.wp.com\/dominiquepeysson.net\/wp-content\/uploads\/2021\/11\/VieVapeur.jpg?resize=300%2C106&amp;ssl=1 300w, https:\/\/i0.wp.com\/dominiquepeysson.net\/wp-content\/uploads\/2021\/11\/VieVapeur.jpg?resize=768%2C272&amp;ssl=1 768w, https:\/\/i0.wp.com\/dominiquepeysson.net\/wp-content\/uploads\/2021\/11\/VieVapeur.jpg?resize=1000%2C354&amp;ssl=1 1000w, https:\/\/i0.wp.com\/dominiquepeysson.net\/wp-content\/uploads\/2021\/11\/VieVapeur.jpg?resize=600%2C212&amp;ssl=1 600w\" sizes=\"auto, (max-width: 930px) 100vw, 930px\" \/>\t<\/a>\n\t\t<h3 itemprop=\"headline\">\n\t\t\t<a href=\"https:\/\/dominiquepeysson.net\/es\/sin-categoria\/la-vida-es-un-vapor-y-luego-nada\/\" title=\"La vida es un vapor... y luego nada\">La vida es un vapor... y luego nada<\/a>\n\t\t<\/h3>\n\t\t\t17 de noviembre de 2021\t\t\n\t\t\t\t\t\t<p>Haga clic aqu\u00ed \u201cLa vida es un vapor\u2026 y luego notar\u201d de Olivier GOulet y yo mismo presentado durante el festival Si(non)oui el 17 de noviembre de 2021 Esta actuaci\u00f3n es una vanidad. Ella empieza [\u2026]<\/p>\n\t<meta itemscope itemprop=\"mainEntityOfPage\" itemtype=\"https:\/\/schema.org\/WebPage\" itemid=\"https:\/\/dominiquepeysson.net\/uncategorized\/bonne-annee-2021\/\" content=\"Bonne ann\u00e9e 2021\" \/><meta itemprop=\"datePublished\" content=\"2021-01-04\" \/><meta itemprop=\"dateModified\" content=\"2021-01-04\" \/><meta itemprop=\"name\" content=\"Dominique PEYSSON\"\/><meta itemprop=\"url\" content=\"https:\/\/dominiquepeysson.net\/author\/admin\/\" \/><meta itemprop=\"name\" content=\"admin\" \/><meta itemprop=\"url\" content=\"https:\/\/i0.wp.com\/dominiquepeysson.net\/wp-content\/uploads\/2021\/01\/voeux-2021.jpg?fit=1446%2C511&#038;ssl=1\" \/><meta itemprop=\"width\" content=\"1446\" \/><meta itemprop=\"height\" content=\"511\" \/><meta itemprop=\"interactionType\" content=\"https:\/\/schema.org\/CommentAction\" \/><meta itemprop=\"userInteractionCount\" content=\"0\" \/>\t\n\t<a href=\"https:\/\/dominiquepeysson.net\/es\/sin-categoria\/feliz-ano-nuevo-2021\/\" rel=\"bookmark\" title=\"feliz a\u00f1o nuevo 2021\">\n\t\t<img width=\"930\" height=\"329\" src=\"https:\/\/i0.wp.com\/dominiquepeysson.net\/wp-content\/uploads\/2021\/01\/voeux-2021.jpg?fit=930%2C329&amp;ssl=1\" alt=\"\" decoding=\"async\" loading=\"lazy\" srcset=\"https:\/\/i0.wp.com\/dominiquepeysson.net\/wp-content\/uploads\/2021\/01\/voeux-2021.jpg?w=1446&amp;ssl=1 1446w, https:\/\/i0.wp.com\/dominiquepeysson.net\/wp-content\/uploads\/2021\/01\/voeux-2021.jpg?resize=300%2C106&amp;ssl=1 300w, https:\/\/i0.wp.com\/dominiquepeysson.net\/wp-content\/uploads\/2021\/01\/voeux-2021.jpg?resize=1024%2C362&amp;ssl=1 1024w, https:\/\/i0.wp.com\/dominiquepeysson.net\/wp-content\/uploads\/2021\/01\/voeux-2021.jpg?resize=768%2C271&amp;ssl=1 768w, https:\/\/i0.wp.com\/dominiquepeysson.net\/wp-content\/uploads\/2021\/01\/voeux-2021.jpg?resize=1000%2C353&amp;ssl=1 1000w, https:\/\/i0.wp.com\/dominiquepeysson.net\/wp-content\/uploads\/2021\/01\/voeux-2021.jpg?resize=600%2C212&amp;ssl=1 600w\" sizes=\"auto, (max-width: 930px) 100vw, 930px\" \/>\t<\/a>\n\t\t<h3 itemprop=\"headline\">\n\t\t\t<a href=\"https:\/\/dominiquepeysson.net\/es\/sin-categoria\/feliz-ano-nuevo-2021\/\" title=\"feliz a\u00f1o nuevo 2021\">feliz a\u00f1o nuevo 2021<\/a>\n\t\t<\/h3>\n\t\t\t04 ene 2021\t\t\n\t\t\t\t\t\t<p>Ven a ver mi video de deseos para 2021<\/p>\n\t<meta itemscope itemprop=\"mainEntityOfPage\" itemtype=\"https:\/\/schema.org\/WebPage\" itemid=\"https:\/\/dominiquepeysson.net\/uncategorized\/festival-octobre-numerique-arles-2020\/\" content=\"Festival Octobre Num\u00e9rique Arles 2020\" \/><meta itemprop=\"datePublished\" content=\"2020-10-21\" \/><meta itemprop=\"dateModified\" content=\"2020-10-27\" \/><meta itemprop=\"name\" content=\"Dominique PEYSSON\"\/><meta itemprop=\"url\" content=\"https:\/\/dominiquepeysson.net\/author\/admin\/\" \/><meta itemprop=\"name\" content=\"admin\" \/><meta itemprop=\"url\" content=\"https:\/\/i0.wp.com\/dominiquepeysson.net\/wp-content\/uploads\/2020\/10\/OSONS-ON-ARLES.jpg?fit=1446%2C511&#038;ssl=1\" \/><meta itemprop=\"width\" content=\"1446\" \/><meta itemprop=\"height\" content=\"511\" \/><meta itemprop=\"interactionType\" content=\"https:\/\/schema.org\/CommentAction\" \/><meta itemprop=\"userInteractionCount\" content=\"0\" \/>\t\n\t<a href=\"https:\/\/dominiquepeysson.net\/es\/sin-categoria\/festival-digital-de-octubre-arles-2020\/\" rel=\"bookmark\" title=\"Festival de octubre digital de Arles 2020\">\n\t\t<img width=\"930\" height=\"329\" src=\"https:\/\/i0.wp.com\/dominiquepeysson.net\/wp-content\/uploads\/2020\/10\/OSONS-ON-ARLES.jpg?fit=930%2C329&amp;ssl=1\" alt=\"\" decoding=\"async\" loading=\"lazy\" srcset=\"https:\/\/i0.wp.com\/dominiquepeysson.net\/wp-content\/uploads\/2020\/10\/OSONS-ON-ARLES.jpg?w=1446&amp;ssl=1 1446w, https:\/\/i0.wp.com\/dominiquepeysson.net\/wp-content\/uploads\/2020\/10\/OSONS-ON-ARLES.jpg?resize=300%2C106&amp;ssl=1 300w, https:\/\/i0.wp.com\/dominiquepeysson.net\/wp-content\/uploads\/2020\/10\/OSONS-ON-ARLES.jpg?resize=1024%2C362&amp;ssl=1 1024w, https:\/\/i0.wp.com\/dominiquepeysson.net\/wp-content\/uploads\/2020\/10\/OSONS-ON-ARLES.jpg?resize=768%2C271&amp;ssl=1 768w, https:\/\/i0.wp.com\/dominiquepeysson.net\/wp-content\/uploads\/2020\/10\/OSONS-ON-ARLES.jpg?resize=1000%2C353&amp;ssl=1 1000w, https:\/\/i0.wp.com\/dominiquepeysson.net\/wp-content\/uploads\/2020\/10\/OSONS-ON-ARLES.jpg?resize=600%2C212&amp;ssl=1 600w\" sizes=\"auto, (max-width: 930px) 100vw, 930px\" \/>\t<\/a>\n\t\t<h3 itemprop=\"headline\">\n\t\t\t<a href=\"https:\/\/dominiquepeysson.net\/es\/sin-categoria\/festival-digital-de-octubre-arles-2020\/\" title=\"Festival de octubre digital de Arles 2020\">Festival de octubre digital de Arles 2020<\/a>\n\t\t<\/h3>\n\t\t\t21 de octubre de 2020 \u00a1Cloud Study se encuentra actualmente en exhibici\u00f3n para el festival Octobre Num\u00e9rique en Arles!<br \/>\nImagen de una nube tomada del cuadro &quot;Paisaje bajo un cielo agitado&quot;, que Vincent van Gogh pint\u00f3 en Arl\u00e9s en abril de 1889. La imagen est\u00e1 formada por gotas compuestas de agua de roc\u00edo recogida de un campo como este de la mesa, durante el verano de 2020. \n\t<meta itemscope itemprop=\"mainEntityOfPage\" itemtype=\"https:\/\/schema.org\/WebPage\" itemid=\"https:\/\/dominiquepeysson.net\/uncategorized\/hello-world\/\" content=\"R\u00e9colte de ros\u00e9e du matin\" \/><meta itemprop=\"datePublished\" content=\"2020-06-08\" \/><meta itemprop=\"dateModified\" content=\"2020-10-27\" \/><meta itemprop=\"name\" content=\"Dominique PEYSSON\"\/><meta itemprop=\"url\" content=\"https:\/\/dominiquepeysson.net\/author\/admin\/\" \/><meta itemprop=\"name\" content=\"admin\" \/><meta itemprop=\"url\" content=\"https:\/\/i0.wp.com\/dominiquepeysson.net\/wp-content\/uploads\/2020\/06\/recolte_rosee.jpg?fit=1701%2C599&#038;ssl=1\" \/><meta itemprop=\"width\" content=\"1701\" \/><meta itemprop=\"height\" content=\"599\" \/><meta itemprop=\"interactionType\" content=\"https:\/\/schema.org\/CommentAction\" \/><meta itemprop=\"userInteractionCount\" content=\"1\" \/>\t\n\t<a href=\"https:\/\/dominiquepeysson.net\/es\/sin-categoria\/hola-mundo\/\" rel=\"bookmark\" title=\"Cosecha de roc\u00edo de la ma\u00f1ana\">\n\t\t<img width=\"930\" height=\"328\" src=\"https:\/\/i0.wp.com\/dominiquepeysson.net\/wp-content\/uploads\/2020\/06\/recolte_rosee.jpg?fit=930%2C328&amp;ssl=1\" alt=\"\" decoding=\"async\" loading=\"lazy\" srcset=\"https:\/\/i0.wp.com\/dominiquepeysson.net\/wp-content\/uploads\/2020\/06\/recolte_rosee.jpg?w=1701&amp;ssl=1 1701w, https:\/\/i0.wp.com\/dominiquepeysson.net\/wp-content\/uploads\/2020\/06\/recolte_rosee.jpg?resize=300%2C106&amp;ssl=1 300w, https:\/\/i0.wp.com\/dominiquepeysson.net\/wp-content\/uploads\/2020\/06\/recolte_rosee.jpg?resize=1024%2C361&amp;ssl=1 1024w, https:\/\/i0.wp.com\/dominiquepeysson.net\/wp-content\/uploads\/2020\/06\/recolte_rosee.jpg?resize=768%2C270&amp;ssl=1 768w, https:\/\/i0.wp.com\/dominiquepeysson.net\/wp-content\/uploads\/2020\/06\/recolte_rosee.jpg?resize=1536%2C541&amp;ssl=1 1536w, https:\/\/i0.wp.com\/dominiquepeysson.net\/wp-content\/uploads\/2020\/06\/recolte_rosee.jpg?resize=1000%2C352&amp;ssl=1 1000w, https:\/\/i0.wp.com\/dominiquepeysson.net\/wp-content\/uploads\/2020\/06\/recolte_rosee.jpg?resize=1590%2C560&amp;ssl=1 1590w, https:\/\/i0.wp.com\/dominiquepeysson.net\/wp-content\/uploads\/2020\/06\/recolte_rosee.jpg?resize=600%2C211&amp;ssl=1 600w\" sizes=\"auto, (max-width: 930px) 100vw, 930px\" \/>\t<\/a>\n\t\t<h3 itemprop=\"headline\">\n\t\t\t<a href=\"https:\/\/dominiquepeysson.net\/es\/sin-categoria\/hola-mundo\/\" title=\"Cosecha de roc\u00edo de la ma\u00f1ana\">Cosecha de roc\u00edo de la ma\u00f1ana<\/a>\n\t\t<\/h3>\n\t\t\t08 junio 2020\t\t\n\t\t\t\t\t\t<p>Recolectando agua de roc\u00edo temprano en la ma\u00f1ana cerca de la ciudad de Arles, seg\u00fan uno de los m\u00e9todos recomendados por los alquimistas. Cuando las condiciones atmosf\u00e9ricas eran adecuadas para permitir la deposici\u00f3n del roc\u00edo durante la noche, el artista Dominique Peysson desliz\u00f3 una s\u00e1bana de algod\u00f3n sobre la hierba y las hojas para impregnarla con esta agua procedente directamente de las nubes.<\/p>","protected":false},"excerpt":{"rendered":"<p>Obras ACERCA de Dominique Peysson es artista visual e investigadora de artes. Tiene dos doctorados, en artes y ciencias del arte en Par\u00eds 1 y en f\u00edsica, y un diploma de ingenier\u00eda ESPCI. Realiz\u00f3 su investigaci\u00f3n y ense\u00f1\u00f3 en la \u00c9cole Nationale Sup\u00e9rieure des Arts D\u00e9coratifs (Ensad), luego en [\u2026]<\/p>","protected":false},"author":1,"featured_media":0,"parent":0,"menu_order":0,"comment_status":"closed","ping_status":"closed","template":"page-templates\/homepage-builder-bb.php","meta":{"inspiro_page_layout":"narrow","inspiro_hide_title":false,"footnotes":""},"class_list":["post-61","page","type-page","status-publish","hentry"],"jetpack_sharing_enabled":true,"_links":{"self":[{"href":"https:\/\/dominiquepeysson.net\/es\/wp-json\/wp\/v2\/pages\/61","targetHints":{"allow":["GET"]}}],"collection":[{"href":"https:\/\/dominiquepeysson.net\/es\/wp-json\/wp\/v2\/pages"}],"about":[{"href":"https:\/\/dominiquepeysson.net\/es\/wp-json\/wp\/v2\/types\/page"}],"author":[{"embeddable":true,"href":"https:\/\/dominiquepeysson.net\/es\/wp-json\/wp\/v2\/users\/1"}],"replies":[{"embeddable":true,"href":"https:\/\/dominiquepeysson.net\/es\/wp-json\/wp\/v2\/comments?post=61"}],"version-history":[{"count":54,"href":"https:\/\/dominiquepeysson.net\/es\/wp-json\/wp\/v2\/pages\/61\/revisions"}],"predecessor-version":[{"id":653,"href":"https:\/\/dominiquepeysson.net\/es\/wp-json\/wp\/v2\/pages\/61\/revisions\/653"}],"wp:attachment":[{"href":"https:\/\/dominiquepeysson.net\/es\/wp-json\/wp\/v2\/media?parent=61"}],"curies":[{"name":"wp","href":"https:\/\/api.w.org\/{rel}","templated":true}]}}