{"id":430,"date":"2020-12-15T11:32:26","date_gmt":"2020-12-15T11:32:26","guid":{"rendered":"https:\/\/site.dominiquepeysson.net\/?page_id=430"},"modified":"2020-12-15T11:49:22","modified_gmt":"2020-12-15T11:49:22","slug":"artificio-el-podcast","status":"publish","type":"page","link":"https:\/\/dominiquepeysson.net\/es\/artificio-el-podcast\/","title":{"rendered":"Artificio \u2013 el podcast"},"content":{"rendered":"Cl\u00e9mentine y Dominique Peysson presentan \u201cArtifice\u201d, el podcast que habla de arte contempor\u00e1neo, para todos. Artista visual e investigadora, Dominique es estudiante de doble doctorado en f\u00edsica y arte contempor\u00e1neo. Con su hija Cl\u00e9mentine, hablan de arte hoy, a partir de obras, artistas, sus preguntas. Ambos est\u00e1n convencidos de que para apreciar el arte contempor\u00e1neo hay que contarlo.\n\t\t\t\t<img data-recalc-dims=\"1\" loading=\"lazy\" decoding=\"async\" src=\"https:\/\/i0.wp.com\/site.dominiquepeysson.net\/wp-content\/uploads\/2020\/12\/Visuel-ARTIFICE.jpg?resize=930%2C929&#038;ssl=1\" alt=\"FUEGOS ARTIFICIALES visuales\" itemprop=\"image\" height=\"929\" width=\"930\" title=\"FUEGOS ARTIFICIALES visuales\" onerror=\"this.style.display='none'\"  \/>\n\t<p>ESCUCHA ARTIFICIO, EN TODAS LAS PLATAFORMAS<\/p>\n<p>FUEGOS ARTIFICIALES en <a href=\"https:\/\/anchor.fm\/artifice\">ANCLA<\/a>\u00a0 \/ <a href=\"https:\/\/anchor.fm\/s\/1d77ffac\/podcast\/rss\">RSS<\/a><\/p>\n<p>FUEGOS ARTIFICIALES en <a href=\"https:\/\/podcasts.apple.com\/fr\/podcast\/artifice\/id1510249740\">Podcasts de Apple<\/a><\/p>\n<p>FUEGOS ARTIFICIALES en <a href=\"https:\/\/open.spotify.com\/show\/1qqkD3T14CBRoLE6oNBOXf\">Spotify<\/a><\/p>\n<p>FUEGOS ARTIFICIALES en <a href=\"https:\/\/www.breaker.audio\/artifice\">interruptor autom\u00e1tico<\/a><\/p>\n<p>FUEGOS ARTIFICIALES en <a href=\"https:\/\/pca.st\/uvnew9sw\">Yesos de bolsillo<\/a><\/p>\n<p>FUEGOS ARTIFICIALES en <a href=\"https:\/\/radiopublic.com\/artifice-GMzBD1\">RadioP\u00fablico<\/a><\/p>\n\t<h2>El blog de podcasts... <a href=\"https:\/\/artifice.blog\/\">aqu\u00ed<\/a><\/h2>\n<figure>\n<blockquote><p>&quot;el arte contempor\u00e1neo se ha convertido, esencialmente, en un arte de contar historias: un arte de contar historias, incluso de leyendas, un arte de comentar e interpretar&quot;<\/p>\n<p><cite>natalia heinich<\/cite><\/p><\/blockquote>\n<\/figure>\n\t<h4>Una obra contada<\/h4>\n<p>En los episodios de Artifice, Cl\u00e9mentine y Dominique hablan sobre una obra de un artista contempor\u00e1neo. Hablan de las cuestiones y temas planteados por el artista, todo en media hora.<\/p>\n\t\t\t\t<img data-recalc-dims=\"1\" height=\"300\" width=\"300\" decoding=\"async\" src=\"https:\/\/i0.wp.com\/site.dominiquepeysson.net\/wp-content\/uploads\/2020\/12\/Artificeoeuvreraconte%CC%81e-300x300.jpg?resize=300%2C300&#038;ssl=1\" alt=\"Artificio dicho\" itemprop=\"image\" title=\"Artificio dicho\" onerror=\"this.style.display='none'\"  \/>\n\t<h4>fuera de serie<\/h4>\n<p>Las ediciones especiales hablan de temas relacionados con el arte contempor\u00e1neo: por qu\u00e9 nos encanta, por qu\u00e9 lo criticamos\u2026 y muchos m\u00e1s por venir.<\/p>\n<p>&nbsp;<\/p>\n\t\t\t\t<img data-recalc-dims=\"1\" height=\"300\" width=\"300\" decoding=\"async\" src=\"https:\/\/i0.wp.com\/site.dominiquepeysson.net\/wp-content\/uploads\/2020\/12\/ArtificeHorsSerie-300x300.jpg?resize=300%2C300&#038;ssl=1\" alt=\"ArtificioCaballosSerie\" itemprop=\"image\" title=\"ArtificioCaballosSerie\" onerror=\"this.style.display='none'\"  \/>","protected":false},"excerpt":{"rendered":"<p>Cl\u00e9mentine y Dominique Peysson presentan \u201cArtifice\u201d, el podcast que habla de arte contempor\u00e1neo, para todos. Artista visual e investigadora, Dominique es estudiante de doble doctorado en f\u00edsica y arte contempor\u00e1neo. Con su hija Cl\u00e9mentine, hablan de arte hoy, a partir de obras, artistas, sus preguntas. Ellos dos [\u2026]<\/p>","protected":false},"author":1,"featured_media":440,"parent":0,"menu_order":0,"comment_status":"closed","ping_status":"closed","template":"","meta":{"inspiro_page_layout":"narrow","inspiro_hide_title":false,"footnotes":""},"class_list":["post-430","page","type-page","status-publish","has-post-thumbnail","hentry"],"jetpack_sharing_enabled":true,"_links":{"self":[{"href":"https:\/\/dominiquepeysson.net\/es\/wp-json\/wp\/v2\/pages\/430","targetHints":{"allow":["GET"]}}],"collection":[{"href":"https:\/\/dominiquepeysson.net\/es\/wp-json\/wp\/v2\/pages"}],"about":[{"href":"https:\/\/dominiquepeysson.net\/es\/wp-json\/wp\/v2\/types\/page"}],"author":[{"embeddable":true,"href":"https:\/\/dominiquepeysson.net\/es\/wp-json\/wp\/v2\/users\/1"}],"replies":[{"embeddable":true,"href":"https:\/\/dominiquepeysson.net\/es\/wp-json\/wp\/v2\/comments?post=430"}],"version-history":[{"count":7,"href":"https:\/\/dominiquepeysson.net\/es\/wp-json\/wp\/v2\/pages\/430\/revisions"}],"predecessor-version":[{"id":444,"href":"https:\/\/dominiquepeysson.net\/es\/wp-json\/wp\/v2\/pages\/430\/revisions\/444"}],"wp:featuredmedia":[{"embeddable":true,"href":"https:\/\/dominiquepeysson.net\/es\/wp-json\/wp\/v2\/media\/440"}],"wp:attachment":[{"href":"https:\/\/dominiquepeysson.net\/es\/wp-json\/wp\/v2\/media?parent=430"}],"curies":[{"name":"wp","href":"https:\/\/api.w.org\/{rel}","templated":true}]}}