{"id":61,"date":"2020-07-08T17:20:12","date_gmt":"2020-07-08T17:20:12","guid":{"rendered":"https:\/\/site.dominiquepeysson.net\/?page_id=61"},"modified":"2024-09-27T16:38:08","modified_gmt":"2024-09-27T16:38:08","slug":"61-2","status":"publish","type":"page","link":"https:\/\/dominiquepeysson.net\/en\/","title":{"rendered":"Welcome"},"content":{"rendered":"<h3>\n\t\t\t\t\t<a href=\"https:\/\/site.dominiquepeysson.net\/works\/\" title=\"Artworks\" target=\"_blank\" rel=\"noopener\">\n\t\t\t\t\t\tArtworks\n\t\t\t\t\t\t<\/a>\n\t\t\t<\/h3>\n\t<h3>\n\t\t\t\t\tABOUT\n\t\t\t\t<\/h3>\n\t<p>Dominique Peysson is a visual artist and art researcher. She has two doctorates, in arts and art sciences from Paris 1 and in physics, and an ESPCI engineering degree. She conducted her research and taught at the \u00c9cole Nationale Sup\u00e9rieure des Arts D\u00e9coratifs (Ensad), then at the University of Paris-Est Marne-la-vall\u00e9e. Promoting the fertile encounter between contemporary arts and sciences, she regularly exhibits her works in France and abroad and is the author of numerous publications, including the book<em> Image-Matter: Emerging Materials &amp; Imaginary Metamorphoses<\/em> at Say See.<\/p>\n\t\t\t<a href=\"https:\/\/site.dominiquepeysson.net\/about\/\" target=\"_self\" role=\"button\" rel=\"noopener\">\n\t\t\t\t\t\tLEARN MORE\n\t\t<\/a>\n\t<h3>\n\t\t\t\t\t<a href=\"https:\/\/site.dominiquepeysson.net\/actualites\/\" title=\"News\" target=\"_blank\" rel=\"noopener\">\n\t\t\t\t\t\tNews\n\t\t\t\t\t\t<\/a>\n\t\t\t<\/h3>\n\t<meta itemscope itemprop=\"mainEntityOfPage\" itemtype=\"https:\/\/schema.org\/WebPage\" itemid=\"https:\/\/dominiquepeysson.net\/uncategorized\/life-is-a-vapor-and-then-nothing\/\" content=\"Life is a vapor&#8230; and then nothing\" \/><meta itemprop=\"datePublished\" content=\"2021-11-17\" \/><meta itemprop=\"dateModified\" content=\"2022-05-05\" \/><meta itemprop=\"name\" content=\"Dominique PEYSSON\"\/><meta itemprop=\"url\" content=\"https:\/\/dominiquepeysson.net\/author\/admin\/\" \/><meta itemprop=\"name\" content=\"admin\" \/><meta itemprop=\"url\" content=\"https:\/\/i0.wp.com\/dominiquepeysson.net\/wp-content\/uploads\/2021\/11\/VieVapeur.jpg?fit=1024%2C362&#038;ssl=1\" \/><meta itemprop=\"width\" content=\"1024\" \/><meta itemprop=\"height\" content=\"362\" \/><meta itemprop=\"interactionType\" content=\"https:\/\/schema.org\/CommentAction\" \/><meta itemprop=\"userInteractionCount\" content=\"0\" \/>\t\n\t<a href=\"https:\/\/dominiquepeysson.net\/en\/uncategorized\/life-is-a-vapor-and-then-nothing\/\" rel=\"bookmark\" title=\"Life is a vapor\u2026 and then nothing\">\n\t\t<img width=\"930\" height=\"329\" src=\"https:\/\/i0.wp.com\/dominiquepeysson.net\/wp-content\/uploads\/2021\/11\/VieVapeur.jpg?fit=930%2C329&amp;ssl=1\" alt=\"\" decoding=\"async\" loading=\"lazy\" srcset=\"https:\/\/i0.wp.com\/dominiquepeysson.net\/wp-content\/uploads\/2021\/11\/VieVapeur.jpg?w=1024&amp;ssl=1 1024w, https:\/\/i0.wp.com\/dominiquepeysson.net\/wp-content\/uploads\/2021\/11\/VieVapeur.jpg?resize=300%2C106&amp;ssl=1 300w, https:\/\/i0.wp.com\/dominiquepeysson.net\/wp-content\/uploads\/2021\/11\/VieVapeur.jpg?resize=768%2C272&amp;ssl=1 768w, https:\/\/i0.wp.com\/dominiquepeysson.net\/wp-content\/uploads\/2021\/11\/VieVapeur.jpg?resize=1000%2C354&amp;ssl=1 1000w, https:\/\/i0.wp.com\/dominiquepeysson.net\/wp-content\/uploads\/2021\/11\/VieVapeur.jpg?resize=600%2C212&amp;ssl=1 600w\" sizes=\"auto, (max-width: 930px) 100vw, 930px\" \/>\t<\/a>\n\t\t<h3 itemprop=\"headline\">\n\t\t\t<a href=\"https:\/\/dominiquepeysson.net\/en\/uncategorized\/life-is-a-vapor-and-then-nothing\/\" title=\"Life is a vapor\u2026 and then nothing\">Life is a vapor\u2026 and then nothing<\/a>\n\t\t<\/h3>\n\t\t\tNov 17, 2021\t\t\n\t\t\t\t\t\t<p>Click here \u201cLife is a vapor\u2026 and then noting\u201d by Olivier GOulet and myself presented during the Si(non)oui festival on November 17, 2021 This performance is a vanity. She begins [\u2026]<\/p>\n\t<meta itemscope itemprop=\"mainEntityOfPage\" itemtype=\"https:\/\/schema.org\/WebPage\" itemid=\"https:\/\/dominiquepeysson.net\/uncategorized\/bonne-annee-2021\/\" content=\"Bonne ann\u00e9e 2021\" \/><meta itemprop=\"datePublished\" content=\"2021-01-04\" \/><meta itemprop=\"dateModified\" content=\"2021-01-04\" \/><meta itemprop=\"name\" content=\"Dominique PEYSSON\"\/><meta itemprop=\"url\" content=\"https:\/\/dominiquepeysson.net\/author\/admin\/\" \/><meta itemprop=\"name\" content=\"admin\" \/><meta itemprop=\"url\" content=\"https:\/\/i0.wp.com\/dominiquepeysson.net\/wp-content\/uploads\/2021\/01\/voeux-2021.jpg?fit=1446%2C511&#038;ssl=1\" \/><meta itemprop=\"width\" content=\"1446\" \/><meta itemprop=\"height\" content=\"511\" \/><meta itemprop=\"interactionType\" content=\"https:\/\/schema.org\/CommentAction\" \/><meta itemprop=\"userInteractionCount\" content=\"0\" \/>\t\n\t<a href=\"https:\/\/dominiquepeysson.net\/en\/uncategorized\/happy-new-year-2021\/\" rel=\"bookmark\" title=\"happy new year 2021\">\n\t\t<img width=\"930\" height=\"329\" src=\"https:\/\/i0.wp.com\/dominiquepeysson.net\/wp-content\/uploads\/2021\/01\/voeux-2021.jpg?fit=930%2C329&amp;ssl=1\" alt=\"\" decoding=\"async\" loading=\"lazy\" srcset=\"https:\/\/i0.wp.com\/dominiquepeysson.net\/wp-content\/uploads\/2021\/01\/voeux-2021.jpg?w=1446&amp;ssl=1 1446w, https:\/\/i0.wp.com\/dominiquepeysson.net\/wp-content\/uploads\/2021\/01\/voeux-2021.jpg?resize=300%2C106&amp;ssl=1 300w, https:\/\/i0.wp.com\/dominiquepeysson.net\/wp-content\/uploads\/2021\/01\/voeux-2021.jpg?resize=1024%2C362&amp;ssl=1 1024w, https:\/\/i0.wp.com\/dominiquepeysson.net\/wp-content\/uploads\/2021\/01\/voeux-2021.jpg?resize=768%2C271&amp;ssl=1 768w, https:\/\/i0.wp.com\/dominiquepeysson.net\/wp-content\/uploads\/2021\/01\/voeux-2021.jpg?resize=1000%2C353&amp;ssl=1 1000w, https:\/\/i0.wp.com\/dominiquepeysson.net\/wp-content\/uploads\/2021\/01\/voeux-2021.jpg?resize=600%2C212&amp;ssl=1 600w\" sizes=\"auto, (max-width: 930px) 100vw, 930px\" \/>\t<\/a>\n\t\t<h3 itemprop=\"headline\">\n\t\t\t<a href=\"https:\/\/dominiquepeysson.net\/en\/uncategorized\/happy-new-year-2021\/\" title=\"happy new year 2021\">happy new year 2021<\/a>\n\t\t<\/h3>\n\t\t\t04 Jan 2021\t\t\n\t\t\t\t\t\t<p>Come see my 2021 wishes video<\/p>\n\t<meta itemscope itemprop=\"mainEntityOfPage\" itemtype=\"https:\/\/schema.org\/WebPage\" itemid=\"https:\/\/dominiquepeysson.net\/uncategorized\/festival-octobre-numerique-arles-2020\/\" content=\"Festival Octobre Num\u00e9rique Arles 2020\" \/><meta itemprop=\"datePublished\" content=\"2020-10-21\" \/><meta itemprop=\"dateModified\" content=\"2020-10-27\" \/><meta itemprop=\"name\" content=\"Dominique PEYSSON\"\/><meta itemprop=\"url\" content=\"https:\/\/dominiquepeysson.net\/author\/admin\/\" \/><meta itemprop=\"name\" content=\"admin\" \/><meta itemprop=\"url\" content=\"https:\/\/i0.wp.com\/dominiquepeysson.net\/wp-content\/uploads\/2020\/10\/OSONS-ON-ARLES.jpg?fit=1446%2C511&#038;ssl=1\" \/><meta itemprop=\"width\" content=\"1446\" \/><meta itemprop=\"height\" content=\"511\" \/><meta itemprop=\"interactionType\" content=\"https:\/\/schema.org\/CommentAction\" \/><meta itemprop=\"userInteractionCount\" content=\"0\" \/>\t\n\t<a href=\"https:\/\/dominiquepeysson.net\/en\/uncategorized\/october-digital-festival-arles-2020\/\" rel=\"bookmark\" title=\"Arles Digital October Festival 2020\">\n\t\t<img width=\"930\" height=\"329\" src=\"https:\/\/i0.wp.com\/dominiquepeysson.net\/wp-content\/uploads\/2020\/10\/OSONS-ON-ARLES.jpg?fit=930%2C329&amp;ssl=1\" alt=\"\" decoding=\"async\" loading=\"lazy\" srcset=\"https:\/\/i0.wp.com\/dominiquepeysson.net\/wp-content\/uploads\/2020\/10\/OSONS-ON-ARLES.jpg?w=1446&amp;ssl=1 1446w, https:\/\/i0.wp.com\/dominiquepeysson.net\/wp-content\/uploads\/2020\/10\/OSONS-ON-ARLES.jpg?resize=300%2C106&amp;ssl=1 300w, https:\/\/i0.wp.com\/dominiquepeysson.net\/wp-content\/uploads\/2020\/10\/OSONS-ON-ARLES.jpg?resize=1024%2C362&amp;ssl=1 1024w, https:\/\/i0.wp.com\/dominiquepeysson.net\/wp-content\/uploads\/2020\/10\/OSONS-ON-ARLES.jpg?resize=768%2C271&amp;ssl=1 768w, https:\/\/i0.wp.com\/dominiquepeysson.net\/wp-content\/uploads\/2020\/10\/OSONS-ON-ARLES.jpg?resize=1000%2C353&amp;ssl=1 1000w, https:\/\/i0.wp.com\/dominiquepeysson.net\/wp-content\/uploads\/2020\/10\/OSONS-ON-ARLES.jpg?resize=600%2C212&amp;ssl=1 600w\" sizes=\"auto, (max-width: 930px) 100vw, 930px\" \/>\t<\/a>\n\t\t<h3 itemprop=\"headline\">\n\t\t\t<a href=\"https:\/\/dominiquepeysson.net\/en\/uncategorized\/october-digital-festival-arles-2020\/\" title=\"Arles Digital October Festival 2020\">Arles Digital October Festival 2020<\/a>\n\t\t<\/h3>\n\t\t\t21 Oct 2020 Cloud Study is currently on display for the Digital October festival in Arles!<br \/>\nA cloud image made from the painting &quot;Landscape under a Stormy Sky,&quot; which Vincent van Gogh painted in Arles in April 1889. The image is formed of drops that are composed of dew water collected in a field like the one in the painting, during the summer of 2020. \n\t<meta itemscope itemprop=\"mainEntityOfPage\" itemtype=\"https:\/\/schema.org\/WebPage\" itemid=\"https:\/\/dominiquepeysson.net\/uncategorized\/hello-world\/\" content=\"R\u00e9colte de ros\u00e9e du matin\" \/><meta itemprop=\"datePublished\" content=\"2020-06-08\" \/><meta itemprop=\"dateModified\" content=\"2020-10-27\" \/><meta itemprop=\"name\" content=\"Dominique PEYSSON\"\/><meta itemprop=\"url\" content=\"https:\/\/dominiquepeysson.net\/author\/admin\/\" \/><meta itemprop=\"name\" content=\"admin\" \/><meta itemprop=\"url\" content=\"https:\/\/i0.wp.com\/dominiquepeysson.net\/wp-content\/uploads\/2020\/06\/recolte_rosee.jpg?fit=1701%2C599&#038;ssl=1\" \/><meta itemprop=\"width\" content=\"1701\" \/><meta itemprop=\"height\" content=\"599\" \/><meta itemprop=\"interactionType\" content=\"https:\/\/schema.org\/CommentAction\" \/><meta itemprop=\"userInteractionCount\" content=\"1\" \/>\t\n\t<a href=\"https:\/\/dominiquepeysson.net\/en\/uncategorized\/hello-world\/\" rel=\"bookmark\" title=\"Morning dew harvest\">\n\t\t<img width=\"930\" height=\"328\" src=\"https:\/\/i0.wp.com\/dominiquepeysson.net\/wp-content\/uploads\/2020\/06\/recolte_rosee.jpg?fit=930%2C328&amp;ssl=1\" alt=\"\" decoding=\"async\" loading=\"lazy\" srcset=\"https:\/\/i0.wp.com\/dominiquepeysson.net\/wp-content\/uploads\/2020\/06\/recolte_rosee.jpg?w=1701&amp;ssl=1 1701w, https:\/\/i0.wp.com\/dominiquepeysson.net\/wp-content\/uploads\/2020\/06\/recolte_rosee.jpg?resize=300%2C106&amp;ssl=1 300w, https:\/\/i0.wp.com\/dominiquepeysson.net\/wp-content\/uploads\/2020\/06\/recolte_rosee.jpg?resize=1024%2C361&amp;ssl=1 1024w, https:\/\/i0.wp.com\/dominiquepeysson.net\/wp-content\/uploads\/2020\/06\/recolte_rosee.jpg?resize=768%2C270&amp;ssl=1 768w, https:\/\/i0.wp.com\/dominiquepeysson.net\/wp-content\/uploads\/2020\/06\/recolte_rosee.jpg?resize=1536%2C541&amp;ssl=1 1536w, https:\/\/i0.wp.com\/dominiquepeysson.net\/wp-content\/uploads\/2020\/06\/recolte_rosee.jpg?resize=1000%2C352&amp;ssl=1 1000w, https:\/\/i0.wp.com\/dominiquepeysson.net\/wp-content\/uploads\/2020\/06\/recolte_rosee.jpg?resize=1590%2C560&amp;ssl=1 1590w, https:\/\/i0.wp.com\/dominiquepeysson.net\/wp-content\/uploads\/2020\/06\/recolte_rosee.jpg?resize=600%2C211&amp;ssl=1 600w\" sizes=\"auto, (max-width: 930px) 100vw, 930px\" \/>\t<\/a>\n\t\t<h3 itemprop=\"headline\">\n\t\t\t<a href=\"https:\/\/dominiquepeysson.net\/en\/uncategorized\/hello-world\/\" title=\"Morning dew harvest\">Morning dew harvest<\/a>\n\t\t<\/h3>\n\t\t\t08 June 2020\t\t\n\t\t\t\t\t\t<p>Harvesting dew water in the early morning near the city of Arles, according to one of the methods recommended by the alchemists. When the atmospheric conditions were right to allow dew to fall during the night, the artist Dominique Peysson slid a cotton sheet over the grass and leaves to soak it with this water coming directly from the clouds.<\/p>","protected":false},"excerpt":{"rendered":"<p>Works ABOUT Dominique Peysson is a visual artist and art researcher. She has two doctorates, in arts and art sciences from Paris 1 and in physics, and an ESPCI engineering degree. She conducted her research and taught at the \u00c9cole Nationale Sup\u00e9rieure des Arts D\u00e9coratifs (Ensad), then at [\u2026]<\/p>","protected":false},"author":1,"featured_media":0,"parent":0,"menu_order":0,"comment_status":"closed","ping_status":"closed","template":"page-templates\/homepage-builder-bb.php","meta":{"inspiro_page_layout":"narrow","inspiro_hide_title":false,"footnotes":""},"class_list":["post-61","page","type-page","status-publish","hentry"],"jetpack_sharing_enabled":true,"_links":{"self":[{"href":"https:\/\/dominiquepeysson.net\/en\/wp-json\/wp\/v2\/pages\/61","targetHints":{"allow":["GET"]}}],"collection":[{"href":"https:\/\/dominiquepeysson.net\/en\/wp-json\/wp\/v2\/pages"}],"about":[{"href":"https:\/\/dominiquepeysson.net\/en\/wp-json\/wp\/v2\/types\/page"}],"author":[{"embeddable":true,"href":"https:\/\/dominiquepeysson.net\/en\/wp-json\/wp\/v2\/users\/1"}],"replies":[{"embeddable":true,"href":"https:\/\/dominiquepeysson.net\/en\/wp-json\/wp\/v2\/comments?post=61"}],"version-history":[{"count":54,"href":"https:\/\/dominiquepeysson.net\/en\/wp-json\/wp\/v2\/pages\/61\/revisions"}],"predecessor-version":[{"id":653,"href":"https:\/\/dominiquepeysson.net\/en\/wp-json\/wp\/v2\/pages\/61\/revisions\/653"}],"wp:attachment":[{"href":"https:\/\/dominiquepeysson.net\/en\/wp-json\/wp\/v2\/media?parent=61"}],"curies":[{"name":"wp","href":"https:\/\/api.w.org\/{rel}","templated":true}]}}